{"id":9,"date":"2026-01-04T09:38:10","date_gmt":"2026-01-04T09:38:10","guid":{"rendered":"https:\/\/robinbeumier.com\/?page_id=9"},"modified":"2026-04-14T18:22:52","modified_gmt":"2026-04-14T18:22:52","slug":"home","status":"publish","type":"page","link":"https:\/\/robinbeumier.com\/","title":{"rendered":"Home"},"content":{"rendered":"\n<div class=\"wp-block-cover alignfull is-light\" style=\"min-height:720px;aspect-ratio:unset;\"><img loading=\"lazy\" decoding=\"async\" width=\"1024\" height=\"761\" class=\"wp-block-cover__image-background wp-image-90 size-large\" alt=\"Robin beumier artwork\" src=\"http:\/\/robinbeumier.com\/wp-content\/uploads\/2026\/01\/108332148_294172358608834_2849237620985177832_n-1024x761.jpg\" data-object-fit=\"cover\" srcset=\"https:\/\/robinbeumier.com\/wp-content\/uploads\/2026\/01\/108332148_294172358608834_2849237620985177832_n-1024x761.jpg 1024w, https:\/\/robinbeumier.com\/wp-content\/uploads\/2026\/01\/108332148_294172358608834_2849237620985177832_n-300x223.jpg 300w, https:\/\/robinbeumier.com\/wp-content\/uploads\/2026\/01\/108332148_294172358608834_2849237620985177832_n-768x571.jpg 768w, https:\/\/robinbeumier.com\/wp-content\/uploads\/2026\/01\/108332148_294172358608834_2849237620985177832_n-1536x1141.jpg 1536w, https:\/\/robinbeumier.com\/wp-content\/uploads\/2026\/01\/108332148_294172358608834_2849237620985177832_n.jpg 1984w\" sizes=\"auto, (max-width: 1024px) 100vw, 1024px\" \/><span aria-hidden=\"true\" class=\"wp-block-cover__background has-background-dim wp-block-cover__gradient-background has-background-gradient\" style=\"background-color:#cdcdc5;background:linear-gradient(35deg,rgb(6,0,151) 0%,rgb(130,4,255) 73%,rgb(193,15,255) 100%)\"><\/span><div class=\"wp-block-cover__inner-container is-layout-flow wp-block-cover-is-layout-flow\">\n<div class=\"inherit-container-width wp-block-group alignwide is-layout-constrained wp-block-group-is-layout-constrained\">\n<h1 class=\"wp-block-heading has-text-align-left has-white-color has-text-color\">Th\u00e9rapeute<br>&amp; artiste.<\/h1>\n\n\n\n<p class=\"has-white-color has-text-color\">Autour du mieux-\u00eatre, de l&#8217;alignement au corps et \u00e0 la voix<br>en passant par l&#8217;upcycling textile, la danse, la photographie humaniste et la po\u00e9sie de paysages sonores.<\/p>\n\n\n\n<p class=\"has-text-align-right has-white-color has-text-color\">Robin<br><\/p>\n<\/div>\n<\/div><\/div>\n\n\n\n<div class=\"wp-block-group alignfull is-layout-constrained wp-container-core-group-is-layout-45b0ac4f wp-block-group-is-layout-constrained\" id=\"services\" style=\"padding-top:144px;padding-bottom:0px\">\n<div class=\"wp-block-columns is-layout-flex wp-container-core-columns-is-layout-60cbf9bb wp-block-columns-is-layout-flex\" style=\"margin-top:50px\">\n<div class=\"wp-block-column is-layout-flow wp-container-core-column-is-layout-6b73ce23 wp-block-column-is-layout-flow\">\n<figure class=\"wp-block-image size-full\"><img loading=\"lazy\" decoding=\"async\" width=\"712\" height=\"474\" src=\"http:\/\/robinbeumier.com\/wp-content\/uploads\/2026\/01\/Capture-decran-2026-01-04-a-11.08.30.png\" alt=\"Robin Beumier\" class=\"wp-image-34\" srcset=\"https:\/\/robinbeumier.com\/wp-content\/uploads\/2026\/01\/Capture-decran-2026-01-04-a-11.08.30.png 712w, https:\/\/robinbeumier.com\/wp-content\/uploads\/2026\/01\/Capture-decran-2026-01-04-a-11.08.30-300x200.png 300w\" sizes=\"auto, (max-width: 712px) 100vw, 712px\" \/><\/figure>\n\n\n\n<h3 class=\"wp-block-heading has-text-align-center\" style=\"margin-top:16px\">Th\u00e9rapie individuelle<\/h3>\n\n\n\n<p>Une approche humaniste, un cadre th\u00e9rapeutique \u00e0 l\u2019enti\u00e8ret\u00e9 de la personne&nbsp;: corps, esprit, c\u0153ur, \u00e2me. Je vous vers un mieux-\u00eatre. Rel\u00e2cher, lib\u00e9rer, comprendre, int\u00e9grer, agir.<\/p>\n\n\n\n<div class=\"wp-block-buttons is-content-justification-center is-layout-flex wp-container-core-buttons-is-layout-a89b3969 wp-block-buttons-is-layout-flex\">\n<div class=\"wp-block-button\"><a class=\"wp-block-button__link wp-element-button\" href=\"https:\/\/robinbeumier.com\/index.php\/therapie-individuelle\/\">En savoir plus<\/a><\/div>\n<\/div>\n<\/div>\n\n\n\n<div class=\"wp-block-column is-layout-flow wp-container-core-column-is-layout-6b73ce23 wp-block-column-is-layout-flow\">\n<figure class=\"wp-block-image size-full\"><img loading=\"lazy\" decoding=\"async\" width=\"716\" height=\"1022\" src=\"http:\/\/robinbeumier.com\/wp-content\/uploads\/2026\/01\/Capture-decran-2026-01-04-a-11.08.41.png\" alt=\"Robin Beumier\" class=\"wp-image-32\" srcset=\"https:\/\/robinbeumier.com\/wp-content\/uploads\/2026\/01\/Capture-decran-2026-01-04-a-11.08.41.png 716w, https:\/\/robinbeumier.com\/wp-content\/uploads\/2026\/01\/Capture-decran-2026-01-04-a-11.08.41-210x300.png 210w\" sizes=\"auto, (max-width: 716px) 100vw, 716px\" \/><\/figure>\n\n\n\n<h3 class=\"wp-block-heading has-text-align-center\" style=\"margin-top:16px\">Yoga du son<\/h3>\n\n\n\n<p>Renouer avec la dimension sacr\u00e9e de l\u2019\u00catre avec le Yoga du Son, une pratique simple et accessible \u00e0 toustes \u00e0 travers l&#8217;instrument vibratoire qu&#8217;est notre corps.<\/p>\n\n\n\n<div class=\"wp-block-buttons is-content-justification-center is-layout-flex wp-container-core-buttons-is-layout-a89b3969 wp-block-buttons-is-layout-flex\">\n<div class=\"wp-block-button\"><a class=\"wp-block-button__link wp-element-button\" href=\"https:\/\/robinbeumier.com\/index.php\/yoga-du-son\/\">En savoir plus<\/a><\/div>\n<\/div>\n<\/div>\n\n\n\n<div class=\"wp-block-column is-layout-flow wp-container-core-column-is-layout-6b73ce23 wp-block-column-is-layout-flow\">\n<figure class=\"wp-block-image size-full\"><img loading=\"lazy\" decoding=\"async\" width=\"718\" height=\"1174\" src=\"http:\/\/robinbeumier.com\/wp-content\/uploads\/2026\/01\/Capture-decran-2026-01-04-a-11.08.51.png\" alt=\"Robin Beumier\" class=\"wp-image-33\" srcset=\"https:\/\/robinbeumier.com\/wp-content\/uploads\/2026\/01\/Capture-decran-2026-01-04-a-11.08.51.png 718w, https:\/\/robinbeumier.com\/wp-content\/uploads\/2026\/01\/Capture-decran-2026-01-04-a-11.08.51-183x300.png 183w, https:\/\/robinbeumier.com\/wp-content\/uploads\/2026\/01\/Capture-decran-2026-01-04-a-11.08.51-626x1024.png 626w\" sizes=\"auto, (max-width: 718px) 100vw, 718px\" \/><\/figure>\n\n\n\n<h3 class=\"wp-block-heading has-text-align-center\" style=\"margin-top:16px\">Skinner Releasing Technique<\/h3>\n\n\n\n<p>La Skinner Releasing Technique est une approche de la danse et du mouvement, d\u00e9velopp\u00e9e par Joan Skinner (1924-2021).<br><\/p>\n\n\n\n<div class=\"wp-block-buttons is-content-justification-center is-layout-flex wp-container-core-buttons-is-layout-a89b3969 wp-block-buttons-is-layout-flex\">\n<div class=\"wp-block-button\"><a class=\"wp-block-button__link wp-element-button\" href=\"https:\/\/robinbeumier.com\/index.php\/skinner-releasing-technique\/\">En savoir plus<\/a><\/div>\n<\/div>\n<\/div>\n<\/div>\n<\/div>\n\n\n\n<div class=\"wp-block-group alignfull has-ast-global-color-5-background-color has-background is-layout-constrained wp-container-core-group-is-layout-9cedb757 wp-block-group-is-layout-constrained\" style=\"padding-bottom:0px\">\n<div class=\"wp-block-columns are-vertically-aligned-top is-layout-flex wp-container-core-columns-is-layout-00723822 wp-block-columns-is-layout-flex\">\n<div class=\"wp-block-column is-vertically-aligned-top is-layout-flow wp-container-core-column-is-layout-6b73ce23 wp-block-column-is-layout-flow\">\n<figure class=\"wp-block-image size-large\"><img loading=\"lazy\" decoding=\"async\" width=\"1024\" height=\"768\" src=\"http:\/\/robinbeumier.com\/wp-content\/uploads\/2026\/01\/Capture-decran-2026-01-04-a-13.28.15-1024x768.png\" alt=\"robin beumier\" class=\"wp-image-80\" srcset=\"https:\/\/robinbeumier.com\/wp-content\/uploads\/2026\/01\/Capture-decran-2026-01-04-a-13.28.15-1024x768.png 1024w, https:\/\/robinbeumier.com\/wp-content\/uploads\/2026\/01\/Capture-decran-2026-01-04-a-13.28.15-300x225.png 300w, https:\/\/robinbeumier.com\/wp-content\/uploads\/2026\/01\/Capture-decran-2026-01-04-a-13.28.15-768x576.png 768w, https:\/\/robinbeumier.com\/wp-content\/uploads\/2026\/01\/Capture-decran-2026-01-04-a-13.28.15.png 1294w\" sizes=\"auto, (max-width: 1024px) 100vw, 1024px\" \/><\/figure>\n\n\n\n<h3 class=\"wp-block-heading has-text-align-center\" style=\"margin-top:16px\">Photographie humaniste<\/h3>\n\n\n\n<p class=\"has-text-align-left\">L&#8217;humain avant tout.<br>Cet humain de tous les jours,<br>spontan\u00e9,<br>naturellement sinc\u00e8re.<br><\/p>\n\n\n\n<div class=\"wp-block-buttons is-content-justification-center is-layout-flex wp-container-core-buttons-is-layout-a89b3969 wp-block-buttons-is-layout-flex\">\n<div class=\"wp-block-button\"><a class=\"wp-block-button__link wp-element-button\" href=\"https:\/\/robinbeumier.com\/index.php\/photographie-humaniste\/\">Portfolio photo <\/a><\/div>\n\n\n\n<div class=\"wp-block-button\"><a class=\"wp-block-button__link wp-element-button\" href=\"https:\/\/robinbeumier.com\/index.php\/photographie-humaniste\/\">Portfolio photo <\/a><\/div>\n<\/div>\n<\/div>\n\n\n\n<div class=\"wp-block-column is-vertically-aligned-top is-layout-flow wp-container-core-column-is-layout-6b73ce23 wp-block-column-is-layout-flow\">\n<figure class=\"wp-block-image size-large\"><img loading=\"lazy\" decoding=\"async\" width=\"979\" height=\"1024\" src=\"https:\/\/robinbeumier.com\/wp-content\/uploads\/2026\/01\/Capture-decran-2026-01-04-a-13.31.08-979x1024.png\" alt=\"\" class=\"wp-image-81\" srcset=\"https:\/\/robinbeumier.com\/wp-content\/uploads\/2026\/01\/Capture-decran-2026-01-04-a-13.31.08-979x1024.png 979w, https:\/\/robinbeumier.com\/wp-content\/uploads\/2026\/01\/Capture-decran-2026-01-04-a-13.31.08-287x300.png 287w, https:\/\/robinbeumier.com\/wp-content\/uploads\/2026\/01\/Capture-decran-2026-01-04-a-13.31.08-768x803.png 768w, https:\/\/robinbeumier.com\/wp-content\/uploads\/2026\/01\/Capture-decran-2026-01-04-a-13.31.08.png 1430w\" sizes=\"auto, (max-width: 979px) 100vw, 979px\" \/><\/figure>\n\n\n\n<h3 class=\"wp-block-heading has-text-align-center\" style=\"margin-top:16px\">Robobine_upcycling<\/h3>\n\n\n\n<p class=\"has-text-align-left\">Transformation de v\u00eatements oubli\u00e9s en des cr\u00e9ations uniques, color\u00e9es, brillantes, fleuries. Des parures \u00e0 porter.<\/p>\n\n\n\n<div class=\"wp-block-buttons is-content-justification-center is-layout-flex wp-container-core-buttons-is-layout-a89b3969 wp-block-buttons-is-layout-flex\">\n<div class=\"wp-block-button\"><a class=\"wp-block-button__link wp-element-button\" href=\"https:\/\/robinbeumier.com\/index.php\/robobine_upcycling\/\">Voir les cr\u00e9ations<\/a><\/div>\n<\/div>\n<\/div>\n<\/div>\n<\/div>\n\n\n\n<div style=\"height:100px\" aria-hidden=\"true\" class=\"wp-block-spacer\"><\/div>\n\n\n\n<div class=\"wp-block-cover alignfull is-light\" style=\"min-height:491px;aspect-ratio:unset;\"><img loading=\"lazy\" decoding=\"async\" width=\"752\" height=\"1024\" class=\"wp-block-cover__image-background wp-image-93 size-large\" alt=\"Artwork Robin Beumier Flowers\" src=\"http:\/\/robinbeumier.com\/wp-content\/uploads\/2026\/01\/117430813_314761576549912_5617601442830190897_n-752x1024.jpg\" data-object-fit=\"cover\" srcset=\"https:\/\/robinbeumier.com\/wp-content\/uploads\/2026\/01\/117430813_314761576549912_5617601442830190897_n-752x1024.jpg 752w, https:\/\/robinbeumier.com\/wp-content\/uploads\/2026\/01\/117430813_314761576549912_5617601442830190897_n-220x300.jpg 220w, https:\/\/robinbeumier.com\/wp-content\/uploads\/2026\/01\/117430813_314761576549912_5617601442830190897_n-768x1046.jpg 768w, https:\/\/robinbeumier.com\/wp-content\/uploads\/2026\/01\/117430813_314761576549912_5617601442830190897_n-1127x1536.jpg 1127w, https:\/\/robinbeumier.com\/wp-content\/uploads\/2026\/01\/117430813_314761576549912_5617601442830190897_n.jpg 1468w\" sizes=\"auto, (max-width: 752px) 100vw, 752px\" \/><span aria-hidden=\"true\" class=\"wp-block-cover__background has-background-dim wp-block-cover__gradient-background has-background-gradient\" style=\"background-color:#b7bdb6;background:linear-gradient(35deg,rgb(6,0,151) 0%,rgb(130,4,255) 73%,rgb(193,15,255) 100%)\"><\/span><div class=\"wp-block-cover__inner-container is-layout-flow wp-block-cover-is-layout-flow\">\n<div class=\"inherit-container-width wp-block-group alignwide is-layout-constrained wp-block-group-is-layout-constrained\">\n<div class=\"wp-block-group is-nowrap is-layout-flex wp-container-core-group-is-layout-6c531013 wp-block-group-is-layout-flex\">\n<p><\/p>\n<\/div>\n<\/div>\n\n\n\n<h2 class=\"wp-block-heading has-white-color has-text-color\">Prochaines dates de cours et stage<\/h2>\n\n\n\n<hr class=\"wp-block-separator has-alpha-channel-opacity\"\/>\n\n\n\n<ul class=\"wp-block-list\">\n<li><strong>Skinner Releasing Technique:<\/strong> cours 1 \u00e0 5, d\u00e8s septembre (infos \u00e0 venir)<\/li>\n\n\n\n<li><strong>Yoga du Son: 5 sessions<\/strong>, <strong>&#8211;<\/strong>&gt; 30 avril &#8211; 07, 21 mai &#8211; 04, 11 juin 2026. &lt;-<\/li>\n<\/ul>\n\n\n\n<hr class=\"wp-block-separator has-alpha-channel-opacity\"\/>\n\n\n\n<hr class=\"wp-block-separator has-alpha-channel-opacity is-style-dots\"\/>\n\n\n\n<div class=\"wp-block-buttons is-content-justification-center is-layout-flex wp-container-core-buttons-is-layout-a89b3969 wp-block-buttons-is-layout-flex\">\n<div class=\"wp-block-button is-style-fill\"><a class=\"wp-block-button__link has-text-align-center wp-element-button\"><mark style=\"background-color:rgba(0, 0, 0, 0)\" class=\"has-inline-color has-ast-global-color-5-color\">Toutes les dates sur le calendrier  <\/mark><\/a><\/div>\n<\/div>\n<\/div><\/div>\n\n\n\n<div style=\"height:100px\" aria-hidden=\"true\" class=\"wp-block-spacer\"><\/div>\n","protected":false},"excerpt":{"rendered":"<p>Th\u00e9rapie individuelle Une approche humaniste, un cadre th\u00e9rapeutique \u00e0 l\u2019enti\u00e8ret\u00e9 de la personne&nbsp;: corps, esprit, c\u0153ur, \u00e2me. Je vous vers [&hellip;]<\/p>\n","protected":false},"author":1,"featured_media":0,"parent":0,"menu_order":0,"comment_status":"closed","ping_status":"closed","template":"","meta":{"site-sidebar-layout":"no-sidebar","site-content-layout":"plain-container","ast-site-content-layout":"default","site-content-style":"default","site-sidebar-style":"default","ast-global-header-display":"","ast-banner-title-visibility":"","ast-main-header-display":"","ast-hfb-above-header-display":"","ast-hfb-below-header-display":"","ast-hfb-mobile-header-display":"","site-post-title":"disabled","ast-breadcrumbs-content":"","ast-featured-img":"","footer-sml-layout":"","ast-disable-related-posts":"","theme-transparent-header-meta":"enabled","adv-header-id-meta":"","stick-header-meta":"","header-above-stick-meta":"","header-main-stick-meta":"","header-below-stick-meta":"","astra-migrate-meta-layouts":"default","ast-page-background-enabled":"default","ast-page-background-meta":{"desktop":{"background-color":"var(--ast-global-color-5)","background-image":"","background-repeat":"repeat","background-position":"center center","background-size":"auto","background-attachment":"scroll","background-type":"","background-media":"","overlay-type":"","overlay-color":"","overlay-opacity":"","overlay-gradient":""},"tablet":{"background-color":"","background-image":"","background-repeat":"repeat","background-position":"center center","background-size":"auto","background-attachment":"scroll","background-type":"","background-media":"","overlay-type":"","overlay-color":"","overlay-opacity":"","overlay-gradient":""},"mobile":{"background-color":"","background-image":"","background-repeat":"repeat","background-position":"center center","background-size":"auto","background-attachment":"scroll","background-type":"","background-media":"","overlay-type":"","overlay-color":"","overlay-opacity":"","overlay-gradient":""}},"ast-content-background-meta":{"desktop":{"background-color":"var(--ast-global-color-4)","background-image":"","background-repeat":"repeat","background-position":"center center","background-size":"auto","background-attachment":"scroll","background-type":"","background-media":"","overlay-type":"","overlay-color":"","overlay-opacity":"","overlay-gradient":""},"tablet":{"background-color":"var(--ast-global-color-4)","background-image":"","background-repeat":"repeat","background-position":"center center","background-size":"auto","background-attachment":"scroll","background-type":"","background-media":"","overlay-type":"","overlay-color":"","overlay-opacity":"","overlay-gradient":""},"mobile":{"background-color":"var(--ast-global-color-4)","background-image":"","background-repeat":"repeat","background-position":"center center","background-size":"auto","background-attachment":"scroll","background-type":"","background-media":"","overlay-type":"","overlay-color":"","overlay-opacity":"","overlay-gradient":""}},"footnotes":""},"class_list":["post-9","page","type-page","status-publish","hentry"],"_links":{"self":[{"href":"https:\/\/robinbeumier.com\/index.php\/wp-json\/wp\/v2\/pages\/9","targetHints":{"allow":["GET"]}}],"collection":[{"href":"https:\/\/robinbeumier.com\/index.php\/wp-json\/wp\/v2\/pages"}],"about":[{"href":"https:\/\/robinbeumier.com\/index.php\/wp-json\/wp\/v2\/types\/page"}],"author":[{"embeddable":true,"href":"https:\/\/robinbeumier.com\/index.php\/wp-json\/wp\/v2\/users\/1"}],"replies":[{"embeddable":true,"href":"https:\/\/robinbeumier.com\/index.php\/wp-json\/wp\/v2\/comments?post=9"}],"version-history":[{"count":19,"href":"https:\/\/robinbeumier.com\/index.php\/wp-json\/wp\/v2\/pages\/9\/revisions"}],"predecessor-version":[{"id":486,"href":"https:\/\/robinbeumier.com\/index.php\/wp-json\/wp\/v2\/pages\/9\/revisions\/486"}],"wp:attachment":[{"href":"https:\/\/robinbeumier.com\/index.php\/wp-json\/wp\/v2\/media?parent=9"}],"curies":[{"name":"wp","href":"https:\/\/api.w.org\/{rel}","templated":true}]}}