{"id":83,"date":"2026-01-04T12:48:14","date_gmt":"2026-01-04T12:48:14","guid":{"rendered":"https:\/\/robinbeumier.com\/?page_id=83"},"modified":"2026-03-31T11:33:40","modified_gmt":"2026-03-31T11:33:40","slug":"fil-de-vie-philosophie-et-pratiques","status":"publish","type":"page","link":"https:\/\/robinbeumier.com\/index.php\/fil-de-vie-philosophie-et-pratiques\/","title":{"rendered":"Bio"},"content":{"rendered":"\n<div style=\"height:100px\" aria-hidden=\"true\" class=\"wp-block-spacer\"><\/div>\n\n\n\n<div class=\"wp-block-cover is-light\"><span aria-hidden=\"true\" class=\"wp-block-cover__background has-light-green-cyan-background-color has-background-dim-100 has-background-dim\"><\/span><div class=\"wp-block-cover__inner-container is-layout-constrained wp-block-cover-is-layout-constrained\">\n<h2 class=\"wp-block-heading has-text-align-center has-white-color has-text-color\">Fil de vie, philosophie et pratiques<\/h2>\n\n\n\n<hr class=\"wp-block-separator has-alpha-channel-opacity\"\/>\n\n\n\n<p>J&#8217;ai longuement explor\u00e9 la th\u00e9rapie et le soin vers soi:<br><br>Je suis pass\u00e9 par des apports en psychologie classique, par le massage, le soin \u00e9nerg\u00e9tique, le Chi Nei Tsang, le chamanisme, la di\u00e8te des plantes ma\u00eetresses, les psych\u00e9d\u00e9liques en tous genres, la syst\u00e9mique familiale, le yoga du son, les arts martiaux chinois, le TRE, la Skinner Releasing Technique, la m\u00e9ditation Vipassana.<br>C&#8217;\u00e9tait mon boulot \u00e0 temps plein ces 10 derni\u00e8res ann\u00e9es.<br><br>Aujourd&#8217;hui, j&#8217;ai retrouv\u00e9 l&#8217;aisance en moi, et je suis pr\u00eat \u00e0 vous guider vers la votre.<br>C&#8217;est long et \u00e7a en vaut la peine&#8230; votre vie peut encore se transform\u00e9e, peu importe votre \u00e2ge, vos douleurs, vos difficult\u00e9s psychologiques, vos chocs traumatiques. Chaque petit pas est une grande victoire, chaque \u00e9tape est un grand repos.<br><br>Nous avons toustes droit \u00e0 la libert\u00e9 d&#8217;\u00eatre, d&#8217;\u00eatre nous-m\u00eame.<\/p>\n<\/div><\/div>\n\n\n\n<hr class=\"wp-block-separator has-alpha-channel-opacity\"\/>\n\n\n\n<div class=\"wp-block-media-text is-stacked-on-mobile\"><figure class=\"wp-block-media-text__media\"><img loading=\"lazy\" decoding=\"async\" width=\"768\" height=\"1024\" src=\"https:\/\/robinbeumier.com\/wp-content\/uploads\/2026\/01\/Capture-decran-2026-01-04-a-12.47.48-768x1024.png\" alt=\"\" class=\"wp-image-86 size-full\" srcset=\"https:\/\/robinbeumier.com\/wp-content\/uploads\/2026\/01\/Capture-decran-2026-01-04-a-12.47.48-768x1024.png 768w, https:\/\/robinbeumier.com\/wp-content\/uploads\/2026\/01\/Capture-decran-2026-01-04-a-12.47.48-225x300.png 225w, https:\/\/robinbeumier.com\/wp-content\/uploads\/2026\/01\/Capture-decran-2026-01-04-a-12.47.48.png 1088w\" sizes=\"auto, (max-width: 768px) 100vw, 768px\" \/><\/figure><div class=\"wp-block-media-text__content\">\n<h4 class=\"wp-block-heading\">Aujourd\u2019hui je rassemble toutes ces vies;<\/h4>\n\n\n\n<p>en vous proposant de vous rencontrer, \u00e0 travers la th\u00e9rapie individuelle ax\u00e9e autour de la parole &#8211; du touch\u00e9 sensible de l&#8217;inconscient &#8211; et de la mise en lien de nos diff\u00e9rents plans.<br><br>Je vous propose aussi la remise en mouvement du corps et de la voix \u00e0 travers les sessions de groupe.<\/p>\n\n\n\n<p><\/p>\n\n\n\n<h4 class=\"wp-block-heading\">J\u2019aspire \u00e0 \u00eatre un humain simple:<\/h4>\n\n\n\n<p>Inspir\u00e9 par la nature,<br>Sans cesse \u00e9merveill\u00e9 par la ros\u00e9e ou par le reflet d\u2019un arc en ciel.<br>Aussi spontan\u00e9 qu\u2019un \u00e9clat de sourire,<br>Je nous souhaite d\u2019\u00eatre plus juste avec nous-m\u00eames.<br>Avec autant de patience et d\u2019amour que l\u2019on peut porter \u00e0 un \u00eatre aim\u00e9, l&#8217;amour pour soi avant tout.<br>Quelle aventure d\u2019\u00eatre en vie<br>Et quelle chance de toujours pouvoir se r\u00e9inventer.<\/p>\n\n\n\n<h4 class=\"wp-block-heading\">Listen et Silent \u00e9tant form\u00e9s des m\u00eames lettres, je laisse place aux \u00e9chos en nous, \u00e0 nos intuitions et \u00e0 nos r\u00eaves.<\/h4>\n<\/div><\/div>\n\n\n\n<div style=\"height:100px\" aria-hidden=\"true\" class=\"wp-block-spacer\"><\/div>\n\n\n\n<figure class=\"wp-block-gallery has-nested-images columns-default is-cropped wp-block-gallery-1 is-layout-flex wp-block-gallery-is-layout-flex\">\n<figure class=\"wp-block-image size-large\"><img loading=\"lazy\" decoding=\"async\" width=\"950\" height=\"774\" data-id=\"85\" src=\"https:\/\/robinbeumier.com\/wp-content\/uploads\/2026\/01\/Capture-decran-2026-01-04-a-13.36.02.png\" alt=\"\" class=\"wp-image-85\" srcset=\"https:\/\/robinbeumier.com\/wp-content\/uploads\/2026\/01\/Capture-decran-2026-01-04-a-13.36.02.png 950w, https:\/\/robinbeumier.com\/wp-content\/uploads\/2026\/01\/Capture-decran-2026-01-04-a-13.36.02-300x244.png 300w, https:\/\/robinbeumier.com\/wp-content\/uploads\/2026\/01\/Capture-decran-2026-01-04-a-13.36.02-768x626.png 768w\" sizes=\"auto, (max-width: 950px) 100vw, 950px\" \/><\/figure>\n\n\n\n<figure class=\"wp-block-image size-large\"><img loading=\"lazy\" decoding=\"async\" width=\"950\" height=\"750\" data-id=\"84\" src=\"https:\/\/robinbeumier.com\/wp-content\/uploads\/2026\/01\/Capture-decran-2026-01-04-a-13.36.17.png\" alt=\"\" class=\"wp-image-84\" srcset=\"https:\/\/robinbeumier.com\/wp-content\/uploads\/2026\/01\/Capture-decran-2026-01-04-a-13.36.17.png 950w, https:\/\/robinbeumier.com\/wp-content\/uploads\/2026\/01\/Capture-decran-2026-01-04-a-13.36.17-300x237.png 300w, https:\/\/robinbeumier.com\/wp-content\/uploads\/2026\/01\/Capture-decran-2026-01-04-a-13.36.17-768x606.png 768w\" sizes=\"auto, (max-width: 950px) 100vw, 950px\" \/><\/figure>\n<\/figure>\n\n\n\n<pre class=\"wp-block-verse\">J'ouvre la boite de photos argentiques et je replonge l\u00e0 o\u00f9 j'ai grandi : une vall\u00e9e entour\u00e9e d'arbres, d'\u00eatres sauvages et d'air libre... Avec un papa qui pratique les arts martiaux chinois\u00a0 sur la pelouse du jardin accompagn\u00e9 du tao et autres contes ou po\u00e9sies. Une maman habill\u00e9e de couleurs, qui tant\u00f4t appuie sur la p\u00e9dale de la machine \u00e0 coudre et plus tard organise un jardin vivant et sauvage o\u00f9 les plantes parlent du bon vivre.<br><br>Relisant mon parcours, je ne suis qu\u2019\u00e0 moiti\u00e9 surpris. J'ai d'abord explor\u00e9 l'autre monde, \u00e0 travers 2 bac en marketing et publicit\u00e9-arts appliqu\u00e9s. Mes stages en agence de com' m'ont vite rappel\u00e9 que mon \u00e2me m'attendait ailleurs. J'ai alors voyag\u00e9 seul en Europe, autour de la Californie, en Inde, au Vietnam et dans la jungle du P\u00e9rou: rencontrer le monde, les peuples, dans toutes leurs particularit\u00e9s-difficult\u00e9s-richesses. Des projets photos ont marqu\u00e9s ces rencontres \u00e0 vie.<br>J'ai ensuite entam\u00e9 4 ann\u00e9es de formation dans une approche th\u00e9rapeutique dite psycho.corporelle utilisant le toucher, l'\u00e9coute, la posture juste... que j'ai approfondies durant autant d'ann\u00e9es comme assistant aupr\u00e8s des formateurs. Je me suis ensuite lanc\u00e9 comme th\u00e9rapeute dans un cabinet emm\u00e9nag\u00e9 par mes soins.<br><\/pre>\n\n\n\n<hr class=\"wp-block-separator has-alpha-channel-opacity\"\/>\n\n\n\n\n\n<div class=\"wp-block-media-text is-stacked-on-mobile\"><figure class=\"wp-block-media-text__media\"><img loading=\"lazy\" decoding=\"async\" width=\"1024\" height=\"780\" src=\"https:\/\/robinbeumier.com\/wp-content\/uploads\/2026\/03\/Capture-decran-2026-03-29-a-09.34.51-1024x780.png\" alt=\"\" class=\"wp-image-320 size-full\" srcset=\"https:\/\/robinbeumier.com\/wp-content\/uploads\/2026\/03\/Capture-decran-2026-03-29-a-09.34.51-1024x780.png 1024w, https:\/\/robinbeumier.com\/wp-content\/uploads\/2026\/03\/Capture-decran-2026-03-29-a-09.34.51-300x228.png 300w, https:\/\/robinbeumier.com\/wp-content\/uploads\/2026\/03\/Capture-decran-2026-03-29-a-09.34.51-768x585.png 768w, https:\/\/robinbeumier.com\/wp-content\/uploads\/2026\/03\/Capture-decran-2026-03-29-a-09.34.51.png 1426w\" sizes=\"auto, (max-width: 1024px) 100vw, 1024px\" \/><\/figure><div class=\"wp-block-media-text__content\">\n<p>Mais aussi, un artiste pluriel:<\/p>\n\n\n\n<ul class=\"wp-block-list\">\n<li>Paysage sonore et po\u00e9tique<\/li>\n\n\n\n<li>Couture Upcycling<\/li>\n\n\n\n<li>Danse<\/li>\n\n\n\n<li>Peinture multi support et technique mixte<\/li>\n<\/ul>\n<\/div><\/div>\n\n\n\n<hr class=\"wp-block-separator has-alpha-channel-opacity\"\/>\n\n\n\n<div style=\"height:100px\" aria-hidden=\"true\" class=\"wp-block-spacer\"><\/div>\n\n\n\n<h3 class=\"wp-block-heading\">Mon approche est \u00e9galement nourrie par les nombreux stages-formations-exp\u00e9riences faites ci et l\u00e0 :<\/h3>\n\n\n\n<p><strong>M\u00e9decine du corps et de l\u2019\u00e2me:<\/strong><\/p>\n\n\n\n<p>\u2022 TRE (Tension and Trauma Releasing durant une ann\u00e9e en s\u00e9ance individuelle) avec Andrea De Clerk (2022).<br>\u2022 Formation EMTE (4 ann\u00e9es) et assistanat (3 ann\u00e9es), psycho.corporel avec Michel Leroux et Lara Szyper (2018-2022).<br>\u2022 Retraite 3 mois avec les plantes ma\u00eetresses et kundalini yoga chez Huamanwasi (2017).<br>\u2022 Chi Nei Tsang avec Jutta Kellenberger en 2 s\u00e9minaires et pr\u00e9sentation de 50 cas (2016-2017).<br>\u2022 Chamanisme chez Cosmos Wave (2014-2016).<\/p>\n\n\n\n<hr class=\"wp-block-separator has-alpha-channel-opacity\"\/>\n\n\n\n<p><strong>Danse et mouvements<\/strong><\/p>\n\n\n\n<p>\u2022 Teacher training en Skinner Releasing Technique avec Gaby Agis et Kirsty Alexander (2022-2024).<br>\u2022 Anam Cara, introduction \u00e0 Nature et rituels artistiques contemporains approche par Nathalie Louette (r\u00e9sidence en nature en 2024)<br>\u2022 Danse contact avec Tommy Russo et Thalia Laric (quelques weekends en Belgique et Afrique du sud depuis 2021)<br>\u2022 5\u00a0Rythmes avec C\u00e9cile Klefstad (\u00e9norm\u00e9ment entre 2019 et 2023)<br>\u2022 Performance dans\u00e9e sur musique live\u00a0et performance pour clip vid\u00e9o.<br>\u2022 Skinner Releasing avec Ana Stegnar \u2013 Gaby Agis \u2013 Lily Kiara \u2013 Bettina Neuhaus (multiples stages et cours depuis 2013).<br>\u2022 Qi Gong et arts martiaux chinois avec Philippe Beumier (en pointill\u00e9 depuis que je suis tout petit).<\/p>\n\n\n\n<hr class=\"wp-block-separator has-alpha-channel-opacity\"\/>\n\n\n\n<p><strong>Po\u00e9sie, voix et impro<\/strong><\/p>\n\n\n\n<p>\u2022 Corps-voix-mot-improvisation avec Yasmine El Bahyaoui (Stage 2022).<br>\u2022 Clown sacr\u00e9 avec Maria Cavarretta (stage en 2022).<br>\u2022 Chant classique indien, Dhrupad avec Wim de Winter (Cours individuels depuis 2021).<br>\u2022 Yoga du son avec Denis Fargeot (Plusieurs stages r\u00e9sidentiels 2019-2020).<\/p>\n\n\n\n<hr class=\"wp-block-separator has-alpha-channel-opacity\"\/>\n\n\n\n<p>M\u00e9ditation<\/p>\n\n\n\n<p>\u2022 Vipassana, retraites en Inde et Belgique (2018-2021).<br>\u2022 Bouddhisme Nichiren. (Depuis 2024).<\/p>\n\n\n\n<hr class=\"wp-block-separator has-alpha-channel-opacity\"\/>\n","protected":false},"excerpt":{"rendered":"<p>Aujourd\u2019hui je rassemble toutes ces vies; en vous proposant de vous rencontrer, \u00e0 travers la th\u00e9rapie individuelle ax\u00e9e autour de [&hellip;]<\/p>\n","protected":false},"author":1,"featured_media":0,"parent":0,"menu_order":0,"comment_status":"closed","ping_status":"closed","template":"","meta":{"site-sidebar-layout":"default","site-content-layout":"","ast-site-content-layout":"default","site-content-style":"default","site-sidebar-style":"default","ast-global-header-display":"","ast-banner-title-visibility":"","ast-main-header-display":"","ast-hfb-above-header-display":"","ast-hfb-below-header-display":"","ast-hfb-mobile-header-display":"","site-post-title":"disabled","ast-breadcrumbs-content":"","ast-featured-img":"","footer-sml-layout":"","ast-disable-related-posts":"","theme-transparent-header-meta":"","adv-header-id-meta":"","stick-header-meta":"","header-above-stick-meta":"","header-main-stick-meta":"","header-below-stick-meta":"","astra-migrate-meta-layouts":"default","ast-page-background-enabled":"default","ast-page-background-meta":{"desktop":{"background-color":"var(--ast-global-color-5)","background-image":"","background-repeat":"repeat","background-position":"center center","background-size":"auto","background-attachment":"scroll","background-type":"","background-media":"","overlay-type":"","overlay-color":"","overlay-opacity":"","overlay-gradient":""},"tablet":{"background-color":"","background-image":"","background-repeat":"repeat","background-position":"center center","background-size":"auto","background-attachment":"scroll","background-type":"","background-media":"","overlay-type":"","overlay-color":"","overlay-opacity":"","overlay-gradient":""},"mobile":{"background-color":"","background-image":"","background-repeat":"repeat","background-position":"center center","background-size":"auto","background-attachment":"scroll","background-type":"","background-media":"","overlay-type":"","overlay-color":"","overlay-opacity":"","overlay-gradient":""}},"ast-content-background-meta":{"desktop":{"background-color":"var(--ast-global-color-4)","background-image":"","background-repeat":"repeat","background-position":"center center","background-size":"auto","background-attachment":"scroll","background-type":"","background-media":"","overlay-type":"","overlay-color":"","overlay-opacity":"","overlay-gradient":""},"tablet":{"background-color":"var(--ast-global-color-4)","background-image":"","background-repeat":"repeat","background-position":"center center","background-size":"auto","background-attachment":"scroll","background-type":"","background-media":"","overlay-type":"","overlay-color":"","overlay-opacity":"","overlay-gradient":""},"mobile":{"background-color":"var(--ast-global-color-4)","background-image":"","background-repeat":"repeat","background-position":"center center","background-size":"auto","background-attachment":"scroll","background-type":"","background-media":"","overlay-type":"","overlay-color":"","overlay-opacity":"","overlay-gradient":""}},"footnotes":""},"class_list":["post-83","page","type-page","status-publish","hentry"],"_links":{"self":[{"href":"https:\/\/robinbeumier.com\/index.php\/wp-json\/wp\/v2\/pages\/83","targetHints":{"allow":["GET"]}}],"collection":[{"href":"https:\/\/robinbeumier.com\/index.php\/wp-json\/wp\/v2\/pages"}],"about":[{"href":"https:\/\/robinbeumier.com\/index.php\/wp-json\/wp\/v2\/types\/page"}],"author":[{"embeddable":true,"href":"https:\/\/robinbeumier.com\/index.php\/wp-json\/wp\/v2\/users\/1"}],"replies":[{"embeddable":true,"href":"https:\/\/robinbeumier.com\/index.php\/wp-json\/wp\/v2\/comments?post=83"}],"version-history":[{"count":13,"href":"https:\/\/robinbeumier.com\/index.php\/wp-json\/wp\/v2\/pages\/83\/revisions"}],"predecessor-version":[{"id":321,"href":"https:\/\/robinbeumier.com\/index.php\/wp-json\/wp\/v2\/pages\/83\/revisions\/321"}],"wp:attachment":[{"href":"https:\/\/robinbeumier.com\/index.php\/wp-json\/wp\/v2\/media?parent=83"}],"curies":[{"name":"wp","href":"https:\/\/api.w.org\/{rel}","templated":true}]}}