{"id":72,"date":"2026-01-04T12:22:26","date_gmt":"2026-01-04T12:22:26","guid":{"rendered":"https:\/\/robinbeumier.com\/?page_id=72"},"modified":"2026-04-01T13:11:40","modified_gmt":"2026-04-01T13:11:40","slug":"yoga-du-son","status":"publish","type":"page","link":"https:\/\/robinbeumier.com\/index.php\/yoga-du-son\/","title":{"rendered":"Yoga du son"},"content":{"rendered":"\n<div class=\"wp-block-cover is-light\" style=\"min-height:129px;aspect-ratio:unset;\"><span aria-hidden=\"true\" class=\"wp-block-cover__background has-luminous-vivid-amber-background-color has-background-dim-100 has-background-dim\"><\/span><div class=\"wp-block-cover__inner-container is-layout-constrained wp-block-cover-is-layout-constrained\">\n<h2 class=\"wp-block-heading has-text-align-center has-white-color has-text-color\">Yoga du Son<\/h2>\n<\/div><\/div>\n\n\n\n<div style=\"height:100px\" aria-hidden=\"true\" class=\"wp-block-spacer\"><\/div>\n\n\n\n<div class=\"wp-block-media-text is-stacked-on-mobile\"><figure class=\"wp-block-media-text__media\"><img loading=\"lazy\" decoding=\"async\" width=\"1024\" height=\"1011\" src=\"https:\/\/robinbeumier.com\/wp-content\/uploads\/2026\/01\/Capture-decran-2026-01-04-a-12.04.23-1024x1011.png\" alt=\"\" class=\"wp-image-73 size-full\" srcset=\"https:\/\/robinbeumier.com\/wp-content\/uploads\/2026\/01\/Capture-decran-2026-01-04-a-12.04.23-1024x1011.png 1024w, https:\/\/robinbeumier.com\/wp-content\/uploads\/2026\/01\/Capture-decran-2026-01-04-a-12.04.23-300x296.png 300w, https:\/\/robinbeumier.com\/wp-content\/uploads\/2026\/01\/Capture-decran-2026-01-04-a-12.04.23-768x758.png 768w, https:\/\/robinbeumier.com\/wp-content\/uploads\/2026\/01\/Capture-decran-2026-01-04-a-12.04.23.png 1130w\" sizes=\"auto, (max-width: 1024px) 100vw, 1024px\" \/><\/figure><div class=\"wp-block-media-text__content\">\n<h3 class=\"wp-block-heading\">Deux \u00e9coles: celle de la technique, et celle de la connexion \u00e0 soi.<\/h3>\n\n\n\n<p id=\"wnd_TextBlock_5701763821158951335_inner_2\">Je privil\u00e9gie celle de la connexion \u00e0 soi.<\/p>\n\n\n\n<p id=\"wnd_TextBlock_5701763821158951335_inner_3\">Nous sommes ch\u00e9ris d&#8217;un corps instrument, nous pouvons chanter &#8211; vibrer aussi simplement que notre ami le merle.<\/p>\n\n\n\n<p id=\"wnd_TextBlock_5701763821158951335_inner_4\">Retrouver le chemin en soi pour \u00e9veiller la force de notre voix, sans texte, sans technique compliqu\u00e9e, par l&#8217;\u00e9coute de soi.<\/p>\n\n\n\n<p id=\"wnd_TextBlock_5701763821158951335_inner_5\">Le yoga du son explore le corps instrument \u00e0 travers des exercices pratiques et simples. Nous permettant de retrouver toute notre potentialit\u00e9 vibratoire et d&#8217;\u00eatre par la circulation des souffles. A chacun.e son unique voix.<\/p>\n\n\n\n<p id=\"wnd_TextBlock_5701763821158951335_inner_5\">Un v\u00e9ritable bain de sons, de soins, de r\u00e9sonances.<\/p>\n\n\n\n<p id=\"wnd_TextBlock_5701763821158951335_inner_6\">Retrouvons ensemble ce chemin de voix &#8211; \u00eatre.<\/p>\n\n\n\n<p>N&#8217;avons-nous pas droit \u00e0 la parole, \u00e0 la joie, \u00e0 l&#8217;expression ?<\/p>\n<\/div><\/div>\n\n\n\n<div style=\"height:100px\" aria-hidden=\"true\" class=\"wp-block-spacer\"><\/div>\n\n\n\n<div class=\"wp-block-media-text has-media-on-the-right is-stacked-on-mobile\"><div class=\"wp-block-media-text__content\">\n<h3 class=\"wp-block-heading\">Form\u00e9 par Denis Fargeot<\/h3>\n\n\n\n<p>Ce&nbsp;<strong>Yoga du Son&nbsp;<\/strong>s\u2019appuie sur les traditions tib\u00e9taines, shinto\u00efstes, tao\u00efstes et chamaniques. Il s\u2019inscrit ainsi dans une d\u00e9marche de d\u00e9couverte de notre v\u00e9ritable nature et de nos richesses int\u00e9rieures.<\/p>\n\n\n\n<p>Cette pratique repose sur un travail de lib\u00e9ration de la voix, ce qui va mobiliser les diff\u00e9rents plans vibratoires qui nous composent. Gr\u00e2ce \u00e0 cette stimulation d\u2019\u00e9nergie, notre identit\u00e9 se renforce, notre potentiel cr\u00e9atif et \u00e9motionnel se lib\u00e8re.<br><\/p>\n<\/div><figure class=\"wp-block-media-text__media\"><img loading=\"lazy\" decoding=\"async\" width=\"736\" height=\"731\" src=\"http:\/\/robinbeumier.com\/wp-content\/uploads\/2026\/01\/Robert-Fludd_1617.jpeg\" alt=\"\" class=\"wp-image-75 size-full\" srcset=\"https:\/\/robinbeumier.com\/wp-content\/uploads\/2026\/01\/Robert-Fludd_1617.jpeg 736w, https:\/\/robinbeumier.com\/wp-content\/uploads\/2026\/01\/Robert-Fludd_1617-300x298.jpeg 300w, https:\/\/robinbeumier.com\/wp-content\/uploads\/2026\/01\/Robert-Fludd_1617-150x150.jpeg 150w\" sizes=\"auto, (max-width: 736px) 100vw, 736px\" \/><\/figure><\/div>\n\n\n\n<p><\/p>\n\n\n\n<details class=\"wp-block-details is-layout-flow wp-block-details-is-layout-flow\"><summary>Accessible \u00e0 toustes<br>Pas de pr\u00e9-requis, ne n\u00e9cessite pas de voix particuli\u00e8re, la pratique s&#8217;adapte aux possibilit\u00e9s de chacun.e <\/summary>\n<p><\/p>\n<\/details>\n\n\n\n<details class=\"wp-block-details is-layout-flow wp-block-details-is-layout-flow\"><summary>Pratique en groupe <br>Les explorations se font en groupe, ce qui permet un soutien vibratoire partag\u00e9 et cr\u00e9\u00e9 par chacun.e des participant.es.s.<\/summary>\n<details class=\"wp-block-details is-layout-flow wp-block-details-is-layout-flow\"><summary>Exercices simples et progressifs<br>Chants des voyelles, m\u00e9ditations guid\u00e9es, chant harmonique, exercices Qi Gong, &#8230;<\/summary>\n<p><\/p>\n<\/details>\n<\/details>\n\n\n\n<p><\/p>\n\n\n\n<div style=\"height:100px\" aria-hidden=\"true\" class=\"wp-block-spacer\"><\/div>\n\n\n\n<div class=\"wp-block-media-text is-stacked-on-mobile\"><figure class=\"wp-block-media-text__media\"><img loading=\"lazy\" decoding=\"async\" width=\"1024\" height=\"1024\" src=\"https:\/\/robinbeumier.com\/wp-content\/uploads\/2026\/01\/Capture-decran-2026-01-04-a-12.57.02-1024x1024.png\" alt=\"\" class=\"wp-image-76 size-full\" srcset=\"https:\/\/robinbeumier.com\/wp-content\/uploads\/2026\/01\/Capture-decran-2026-01-04-a-12.57.02-1024x1024.png 1024w, https:\/\/robinbeumier.com\/wp-content\/uploads\/2026\/01\/Capture-decran-2026-01-04-a-12.57.02-300x300.png 300w, https:\/\/robinbeumier.com\/wp-content\/uploads\/2026\/01\/Capture-decran-2026-01-04-a-12.57.02-150x150.png 150w, https:\/\/robinbeumier.com\/wp-content\/uploads\/2026\/01\/Capture-decran-2026-01-04-a-12.57.02-768x767.png 768w, https:\/\/robinbeumier.com\/wp-content\/uploads\/2026\/01\/Capture-decran-2026-01-04-a-12.57.02.png 1466w\" sizes=\"auto, (max-width: 1024px) 100vw, 1024px\" \/><\/figure><div class=\"wp-block-media-text__content\">\n<h3 class=\"wp-block-heading\">Ces sessions de Yoga du Son permettent de mettre en lien psychologie, yoga et puissance alchimique.<\/h3>\n\n\n\n<p><\/p>\n<\/div><\/div>\n\n\n\n<div style=\"height:100px\" aria-hidden=\"true\" class=\"wp-block-spacer\"><\/div>\n\n\n\n<div class=\"wp-block-media-text has-media-on-the-right is-stacked-on-mobile\"><div class=\"wp-block-media-text__content\">\n<h3 class=\"wp-block-heading\">N&#8217;oublions pas que tout travail \u00e9nerg\u00e9tique entraine ses r\u00e9v\u00e9lations psychologiques et corporels.<br><br>Ces explorations sont \u00e9galement des outils de connaissance de soi, qui nous feront rencontrer nos limites &#8211; nos blocages &#8211; nos croyances.<br>Nous les inviterons \u00e0 faire partie de notre processus. <br><br>Je vous accompagne dans ces d\u00e9fis personnels, toujours en reliance avec le groupe.<\/h3>\n<\/div><figure class=\"wp-block-media-text__media\"><img loading=\"lazy\" decoding=\"async\" width=\"660\" height=\"1010\" src=\"https:\/\/robinbeumier.com\/wp-content\/uploads\/2026\/01\/Toolbox_-The-Caduceus.jpeg\" alt=\"\" class=\"wp-image-77 size-full\" srcset=\"https:\/\/robinbeumier.com\/wp-content\/uploads\/2026\/01\/Toolbox_-The-Caduceus.jpeg 660w, https:\/\/robinbeumier.com\/wp-content\/uploads\/2026\/01\/Toolbox_-The-Caduceus-196x300.jpeg 196w\" sizes=\"auto, (max-width: 660px) 100vw, 660px\" \/><\/figure><\/div>\n\n\n\n<div style=\"height:100px\" aria-hidden=\"true\" class=\"wp-block-spacer\"><\/div>\n\n\n\n<hr class=\"wp-block-separator has-alpha-channel-opacity\"\/>\n\n\n\n<h2 class=\"wp-block-heading\"><mark style=\"background-color:rgba(0, 0, 0, 0);color:#cf2e2e\" class=\"has-inline-color\"><strong>Prochains cours:<\/strong><\/mark><\/h2>\n\n\n\n<h2 class=\"wp-block-heading\"><br><strong><mark style=\"background-color:rgba(0, 0, 0, 0);color:#fcb900\" class=\"has-inline-color\">Union des \u00e9quilibres :<\/mark><\/strong><\/h2>\n\n\n\n<p><strong><mark style=\"background-color:rgba(0, 0, 0, 0);color:#fcb900\" class=\"has-inline-color\">Exploration sur 6 s\u00e9ances<\/mark> <\/strong><\/p>\n\n\n\n<p>Contenu soutenu par des mouvements de Qi Gong, par les images po\u00e9tiques de la Skinner Releasing technique ainsi que par des moments d&#8217;int\u00e9grations (\u00e9criture, dessin, auto-massage, body-scan,&#8230;).<\/p>\n\n\n\n<p>Un espace bienveillant, o\u00f9 chacun y (re)trouve son rythme.<\/p>\n\n\n\n<hr class=\"wp-block-separator has-alpha-channel-opacity\"\/>\n\n\n\n<h3 class=\"wp-block-heading\"><strong><mark style=\"background-color:rgba(0, 0, 0, 0);color:#fcb900\" class=\"has-inline-color\">Horaire et dates<\/mark><\/strong><\/h3>\n\n\n\n<p><strong>Les jeudis de 19h45 &#8211; 21h15 (1h30).<\/strong><br><strong>-&gt; 30 avril &#8211; 07, 14, 21 mai &#8211; 04, 11 juin 2026. &lt;- <\/strong><\/p>\n\n\n\n<hr class=\"wp-block-separator has-alpha-channel-opacity\"\/>\n\n\n\n<h3 class=\"wp-block-heading\"><strong><mark style=\"background-color:rgba(0, 0, 0, 0);color:#fcb900\" class=\"has-inline-color\">O\u00f9<\/mark><\/strong><\/h3>\n\n\n\n<p><strong>Studio A-Cravate<\/strong><br><strong>Rue de m\u00e9rode 214, Saint-Gilles<\/strong><\/p>\n\n\n\n<hr class=\"wp-block-separator has-alpha-channel-opacity\"\/>\n\n\n\n<h3 class=\"wp-block-heading\"><strong><mark style=\"background-color:rgba(0, 0, 0, 0);color:#fcb900\" class=\"has-inline-color\">Prix<\/mark><\/strong><\/h3>\n\n\n\n<p><strong>Tarif libre et conscient : de 110\u20ac \u00e0 140\u20ac les 6 s\u00e9ances<\/strong>:<br><br><em>Pour que l&#8217;activit\u00e9 soit viable, 125\u20ac par participant.e.es est id\u00e9al.<br>En fonction des r\u00e9alit\u00e9s financi\u00e8res de chacun.e, le tarif propos\u00e9 est au choix.<br>Si vous en avez la possibilit\u00e9, vous pouvez contribuer davantage pour soutenir celleux qui paieront moins.<\/em><\/p>\n\n\n\n<p>En esp\u00e8ces ou par virement BE50 001282419418 (Blanc-Cerf asbl)<br>Payable en une ou deux fois.<\/p>\n\n\n\n<hr class=\"wp-block-separator has-alpha-channel-opacity\"\/>\n\n\n\n<h3 class=\"wp-block-heading\"><strong><mark style=\"background-color:rgba(0, 0, 0, 0);color:#fcb900\" class=\"has-inline-color\">Sur inscription<\/mark><\/strong><\/h3>\n\n\n\n<p>Beumier.r@gmail.com                        +32 483 58238                  (Groupe max de 12 personnes)<br><\/p>\n\n\n\n<p><\/p>\n\n\n\n<div style=\"height:100px\" aria-hidden=\"true\" class=\"wp-block-spacer\"><\/div>\n\n\n\n<div class=\"wp-block-buttons is-content-justification-center is-layout-flex wp-container-core-buttons-is-layout-a89b3969 wp-block-buttons-is-layout-flex\">\n<div class=\"wp-block-button\"><a class=\"wp-block-button__link has-text-align-center wp-element-button\" href=\"https:\/\/robinbeumier.com\/index.php\/calendrier\/\" target=\"_blank\" rel=\"noreferrer noopener\">Calendrier des sessions<\/a><\/div>\n<\/div>\n\n\n\n<p><\/p>\n","protected":false},"excerpt":{"rendered":"<p>Deux \u00e9coles: celle de la technique, et celle de la connexion \u00e0 soi. Je privil\u00e9gie celle de la connexion \u00e0 [&hellip;]<\/p>\n","protected":false},"author":1,"featured_media":0,"parent":0,"menu_order":0,"comment_status":"closed","ping_status":"closed","template":"","meta":{"site-sidebar-layout":"default","site-content-layout":"","ast-site-content-layout":"default","site-content-style":"default","site-sidebar-style":"default","ast-global-header-display":"","ast-banner-title-visibility":"","ast-main-header-display":"","ast-hfb-above-header-display":"","ast-hfb-below-header-display":"","ast-hfb-mobile-header-display":"","site-post-title":"disabled","ast-breadcrumbs-content":"","ast-featured-img":"","footer-sml-layout":"","ast-disable-related-posts":"","theme-transparent-header-meta":"","adv-header-id-meta":"","stick-header-meta":"","header-above-stick-meta":"","header-main-stick-meta":"","header-below-stick-meta":"","astra-migrate-meta-layouts":"default","ast-page-background-enabled":"default","ast-page-background-meta":{"desktop":{"background-color":"var(--ast-global-color-5)","background-image":"","background-repeat":"repeat","background-position":"center center","background-size":"auto","background-attachment":"scroll","background-type":"","background-media":"","overlay-type":"","overlay-color":"","overlay-opacity":"","overlay-gradient":""},"tablet":{"background-color":"","background-image":"","background-repeat":"repeat","background-position":"center center","background-size":"auto","background-attachment":"scroll","background-type":"","background-media":"","overlay-type":"","overlay-color":"","overlay-opacity":"","overlay-gradient":""},"mobile":{"background-color":"","background-image":"","background-repeat":"repeat","background-position":"center center","background-size":"auto","background-attachment":"scroll","background-type":"","background-media":"","overlay-type":"","overlay-color":"","overlay-opacity":"","overlay-gradient":""}},"ast-content-background-meta":{"desktop":{"background-color":"var(--ast-global-color-4)","background-image":"","background-repeat":"repeat","background-position":"center center","background-size":"auto","background-attachment":"scroll","background-type":"","background-media":"","overlay-type":"","overlay-color":"","overlay-opacity":"","overlay-gradient":""},"tablet":{"background-color":"var(--ast-global-color-4)","background-image":"","background-repeat":"repeat","background-position":"center center","background-size":"auto","background-attachment":"scroll","background-type":"","background-media":"","overlay-type":"","overlay-color":"","overlay-opacity":"","overlay-gradient":""},"mobile":{"background-color":"var(--ast-global-color-4)","background-image":"","background-repeat":"repeat","background-position":"center center","background-size":"auto","background-attachment":"scroll","background-type":"","background-media":"","overlay-type":"","overlay-color":"","overlay-opacity":"","overlay-gradient":""}},"footnotes":""},"class_list":["post-72","page","type-page","status-publish","hentry"],"_links":{"self":[{"href":"https:\/\/robinbeumier.com\/index.php\/wp-json\/wp\/v2\/pages\/72","targetHints":{"allow":["GET"]}}],"collection":[{"href":"https:\/\/robinbeumier.com\/index.php\/wp-json\/wp\/v2\/pages"}],"about":[{"href":"https:\/\/robinbeumier.com\/index.php\/wp-json\/wp\/v2\/types\/page"}],"author":[{"embeddable":true,"href":"https:\/\/robinbeumier.com\/index.php\/wp-json\/wp\/v2\/users\/1"}],"replies":[{"embeddable":true,"href":"https:\/\/robinbeumier.com\/index.php\/wp-json\/wp\/v2\/comments?post=72"}],"version-history":[{"count":15,"href":"https:\/\/robinbeumier.com\/index.php\/wp-json\/wp\/v2\/pages\/72\/revisions"}],"predecessor-version":[{"id":342,"href":"https:\/\/robinbeumier.com\/index.php\/wp-json\/wp\/v2\/pages\/72\/revisions\/342"}],"wp:attachment":[{"href":"https:\/\/robinbeumier.com\/index.php\/wp-json\/wp\/v2\/media?parent=72"}],"curies":[{"name":"wp","href":"https:\/\/api.w.org\/{rel}","templated":true}]}}