{"id":64,"date":"2026-01-04T11:10:28","date_gmt":"2026-01-04T11:10:28","guid":{"rendered":"https:\/\/robinbeumier.com\/?page_id=64"},"modified":"2026-04-15T06:58:35","modified_gmt":"2026-04-15T06:58:35","slug":"therapie-individuelle","status":"publish","type":"page","link":"https:\/\/robinbeumier.com\/index.php\/therapie-individuelle\/","title":{"rendered":"Th\u00e9rapie indiv"},"content":{"rendered":"\n<div class=\"wp-block-cover is-light\" style=\"min-height:194px;aspect-ratio:unset;\"><span aria-hidden=\"true\" class=\"wp-block-cover__background has-luminous-vivid-amber-background-color has-background-dim-100 has-background-dim\"><\/span><div class=\"wp-block-cover__inner-container is-layout-constrained wp-block-cover-is-layout-constrained\">\n<h2 class=\"wp-block-heading has-text-align-center has-white-color has-text-color\">Th\u00e9rapie individuelle<\/h2>\n<\/div><\/div>\n\n\n\n<div style=\"height:100px\" aria-hidden=\"true\" class=\"wp-block-spacer\"><\/div>\n\n\n\n<div class=\"wp-block-media-text is-stacked-on-mobile\"><figure class=\"wp-block-media-text__media\"><img loading=\"lazy\" decoding=\"async\" width=\"668\" height=\"806\" src=\"https:\/\/robinbeumier.com\/wp-content\/uploads\/2026\/01\/Capture-decran-2026-01-04-a-11.55.45.png\" alt=\"\" class=\"wp-image-66 size-full\" srcset=\"https:\/\/robinbeumier.com\/wp-content\/uploads\/2026\/01\/Capture-decran-2026-01-04-a-11.55.45.png 668w, https:\/\/robinbeumier.com\/wp-content\/uploads\/2026\/01\/Capture-decran-2026-01-04-a-11.55.45-249x300.png 249w\" sizes=\"auto, (max-width: 668px) 100vw, 668px\" \/><\/figure><div class=\"wp-block-media-text__content\">\n<h2 class=\"wp-block-heading\"><mark style=\"background-color:#fcb900\" class=\"has-inline-color has-ast-global-color-5-color\">Certifi\u00e9 th\u00e9rapeute EMTE<\/mark><\/h2>\n\n\n\n<h2 class=\"wp-block-heading\">Psycho.corporel<\/h2>\n\n\n\n<p>L\u2019EMTE utilise&nbsp;le langage conscient et inconscient de la totalit\u00e9 de l\u2019\u00eatre humain&nbsp;: le corps physique, &nbsp;la respiration, les mots, les pens\u00e9es et croyances, les \u00e9motions, les r\u00eaves, et les \u00e9nergies subtiles. Pour l\u2019approche EMTE, tout ce qui pr\u00e9c\u00e8de sont autant d\u2019entr\u00e9es vers la r\u00e9alisation de sa propre essence, que de ressources, \u00e0 (re)d\u00e9velopper et acter dans son quotidien.<\/p>\n\n\n\n<p>Le principe de la m\u00e9thode:<br>Offrir un cadre th\u00e9rapeutique \u00e0 l\u2019enti\u00e8ret\u00e9 de la personne&nbsp;:<br>son corps,<br>son esprit,<br>son c\u0153ur<br>et son \u00e2me.<\/p>\n\n\n\n<blockquote class=\"wp-block-quote is-layout-flow wp-block-quote-is-layout-flow\">\n<p><br><mark style=\"background-color:rgba(0, 0, 0, 0);color:#fcb900\" class=\"has-inline-color\"><strong>Vous accompagner \u00e0 travers vos contradictions, complexit\u00e9s, manques, besoins, souhaits&#8230;<\/strong><\/mark><br><mark style=\"background-color:rgba(0, 0, 0, 0);color:#fcb900\" class=\"has-inline-color\"><strong>Bref,<\/strong><\/mark><br><mark style=\"background-color:rgba(0, 0, 0, 0);color:#fcb900\" class=\"has-inline-color\"><strong>l\u2019exploration de notre humanit\u00e9.<\/strong><\/mark><\/p>\n<\/blockquote>\n<\/div><\/div>\n\n\n\n<div class=\"wp-block-media-text has-media-on-the-right is-stacked-on-mobile\"><div class=\"wp-block-media-text__content\">\n<h2 class=\"wp-block-heading\"><mark style=\"background-color:#fcb900\" class=\"has-inline-color has-ast-global-color-5-color\">Art th\u00e9rapie<\/mark><\/h2>\n\n\n\n<p>Les s\u00e9ances sont accompagn\u00e9es d&#8217;une possibilit\u00e9 d&#8217;inclure l&#8217;art th\u00e9rapie. Pas de comp\u00e9tence d&#8217;artiste requise&#8230; Il s&#8217;agit d&#8217;utiliser les crayons, pastels, bic,&#8230; Pour exprimer ce qui peut-\u00eatre ne peut sortir par les mots.<\/p>\n\n\n\n<p>Le papier devient un autre m\u00e9dia de connaissance de soi et une base d&#8217;exploration et de lib\u00e9reration.<\/p>\n<\/div><figure class=\"wp-block-media-text__media\"><img loading=\"lazy\" decoding=\"async\" width=\"1024\" height=\"768\" src=\"http:\/\/robinbeumier.com\/wp-content\/uploads\/2026\/04\/20241226_150606-1024x768.jpg\" alt=\"\" class=\"wp-image-489 size-full\" srcset=\"https:\/\/robinbeumier.com\/wp-content\/uploads\/2026\/04\/20241226_150606-1024x768.jpg 1024w, https:\/\/robinbeumier.com\/wp-content\/uploads\/2026\/04\/20241226_150606-300x225.jpg 300w, https:\/\/robinbeumier.com\/wp-content\/uploads\/2026\/04\/20241226_150606-768x576.jpg 768w, https:\/\/robinbeumier.com\/wp-content\/uploads\/2026\/04\/20241226_150606-1536x1152.jpg 1536w, https:\/\/robinbeumier.com\/wp-content\/uploads\/2026\/04\/20241226_150606-2048x1536.jpg 2048w\" sizes=\"auto, (max-width: 1024px) 100vw, 1024px\" \/><\/figure><\/div>\n\n\n\n<div style=\"height:100px\" aria-hidden=\"true\" class=\"wp-block-spacer\"><\/div>\n\n\n\n<figure class=\"wp-block-gallery has-nested-images columns-default is-cropped wp-block-gallery-1 is-layout-flex wp-block-gallery-is-layout-flex\">\n<figure class=\"wp-block-image size-large\"><img loading=\"lazy\" decoding=\"async\" width=\"768\" height=\"1024\" data-id=\"492\" src=\"https:\/\/robinbeumier.com\/wp-content\/uploads\/2026\/04\/20250315_141915-768x1024.jpg\" alt=\"\" class=\"wp-image-492\" srcset=\"https:\/\/robinbeumier.com\/wp-content\/uploads\/2026\/04\/20250315_141915-768x1024.jpg 768w, https:\/\/robinbeumier.com\/wp-content\/uploads\/2026\/04\/20250315_141915-225x300.jpg 225w, https:\/\/robinbeumier.com\/wp-content\/uploads\/2026\/04\/20250315_141915-1152x1536.jpg 1152w, https:\/\/robinbeumier.com\/wp-content\/uploads\/2026\/04\/20250315_141915-1536x2048.jpg 1536w, https:\/\/robinbeumier.com\/wp-content\/uploads\/2026\/04\/20250315_141915-scaled.jpg 1920w\" sizes=\"auto, (max-width: 768px) 100vw, 768px\" \/><\/figure>\n\n\n\n<figure class=\"wp-block-image size-large\"><img loading=\"lazy\" decoding=\"async\" width=\"1024\" height=\"768\" data-id=\"491\" src=\"https:\/\/robinbeumier.com\/wp-content\/uploads\/2026\/04\/20250315_141832-1024x768.jpg\" alt=\"\" class=\"wp-image-491\" srcset=\"https:\/\/robinbeumier.com\/wp-content\/uploads\/2026\/04\/20250315_141832-1024x768.jpg 1024w, https:\/\/robinbeumier.com\/wp-content\/uploads\/2026\/04\/20250315_141832-300x225.jpg 300w, https:\/\/robinbeumier.com\/wp-content\/uploads\/2026\/04\/20250315_141832-768x576.jpg 768w, https:\/\/robinbeumier.com\/wp-content\/uploads\/2026\/04\/20250315_141832-1536x1152.jpg 1536w, https:\/\/robinbeumier.com\/wp-content\/uploads\/2026\/04\/20250315_141832-2048x1536.jpg 2048w\" sizes=\"auto, (max-width: 1024px) 100vw, 1024px\" \/><\/figure>\n\n\n\n<figure class=\"wp-block-image size-large\"><img loading=\"lazy\" decoding=\"async\" width=\"1024\" height=\"761\" data-id=\"90\" src=\"https:\/\/robinbeumier.com\/wp-content\/uploads\/2026\/01\/108332148_294172358608834_2849237620985177832_n-1024x761.jpg\" alt=\"Robin beumier artwork\" class=\"wp-image-90\" srcset=\"https:\/\/robinbeumier.com\/wp-content\/uploads\/2026\/01\/108332148_294172358608834_2849237620985177832_n-1024x761.jpg 1024w, https:\/\/robinbeumier.com\/wp-content\/uploads\/2026\/01\/108332148_294172358608834_2849237620985177832_n-300x223.jpg 300w, https:\/\/robinbeumier.com\/wp-content\/uploads\/2026\/01\/108332148_294172358608834_2849237620985177832_n-768x571.jpg 768w, https:\/\/robinbeumier.com\/wp-content\/uploads\/2026\/01\/108332148_294172358608834_2849237620985177832_n-1536x1141.jpg 1536w, https:\/\/robinbeumier.com\/wp-content\/uploads\/2026\/01\/108332148_294172358608834_2849237620985177832_n.jpg 1984w\" sizes=\"auto, (max-width: 1024px) 100vw, 1024px\" \/><\/figure>\n<\/figure>\n\n\n\n<div class=\"wp-block-media-text has-media-on-the-right is-stacked-on-mobile is-vertically-aligned-top\" style=\"grid-template-columns:auto 38%\"><div class=\"wp-block-media-text__content\">\n<p><\/p>\n\n\n\n<blockquote class=\"wp-block-quote is-layout-flow wp-block-quote-is-layout-flow\">\n<p><strong><mark style=\"background-color:rgba(0, 0, 0, 0);color:#fcb900\" class=\"has-inline-color\">La th\u00e9rapie individuelle est un espace d\u2019\u00e9coute et d\u2019accompagnement,<\/mark><\/strong><br><strong><mark style=\"background-color:rgba(0, 0, 0, 0);color:#fcb900\" class=\"has-inline-color\">un temps que vous vous offrez pour mieux comprendre ce que vous traversez et avancer \u00e0 votre rythme vers davantage d&#8217;espace et de libert\u00e9 int\u00e9rieur.<\/mark><\/strong><\/p>\n<\/blockquote>\n\n\n\n<h3 class=\"wp-block-heading\"><strong><mark style=\"background-color:#7bdcb5\" class=\"has-inline-color has-ast-global-color-5-color\">Pour qui ?<\/mark><\/strong><\/h3>\n\n\n\n<p>Cette approche s\u2019adresse \u00e0 toute personne qui ressent le besoin de :<\/p>\n\n\n\n<ul id=\"wnd_TextBlock_17891763820032564512_inner_1\" class=\"wp-block-list\">\n<li>traverser une p\u00e9riode difficile (stress, anxi\u00e9t\u00e9, transition de vie).<\/li>\n\n\n\n<li>mieux comprendre ses \u00e9motions ou ses r\u00e9actions.<\/li>\n\n\n\n<li>sortir de sch\u00e9mas r\u00e9p\u00e9titifs ou de blocages.<\/li>\n\n\n\n<li>retrouver du sens, de la clart\u00e9 ou un \u00e9quilibre int\u00e9rieur.<\/li>\n\n\n\n<li>simplement prendre un temps pour soi.<\/li>\n<\/ul>\n<\/div><figure class=\"wp-block-media-text__media\"><img loading=\"lazy\" decoding=\"async\" width=\"768\" height=\"1024\" src=\"http:\/\/robinbeumier.com\/wp-content\/uploads\/2026\/03\/20260317_1727102-2-768x1024.jpg\" alt=\"\" class=\"wp-image-261 size-full\" srcset=\"https:\/\/robinbeumier.com\/wp-content\/uploads\/2026\/03\/20260317_1727102-2-768x1024.jpg 768w, https:\/\/robinbeumier.com\/wp-content\/uploads\/2026\/03\/20260317_1727102-2-225x300.jpg 225w, https:\/\/robinbeumier.com\/wp-content\/uploads\/2026\/03\/20260317_1727102-2-1152x1536.jpg 1152w, https:\/\/robinbeumier.com\/wp-content\/uploads\/2026\/03\/20260317_1727102-2-1536x2048.jpg 1536w, https:\/\/robinbeumier.com\/wp-content\/uploads\/2026\/03\/20260317_1727102-2-scaled.jpg 1920w\" sizes=\"auto, (max-width: 768px) 100vw, 768px\" \/><\/figure><\/div>\n\n\n\n<div style=\"height:100px\" aria-hidden=\"true\" class=\"wp-block-spacer\"><\/div>\n\n\n\n<h3 class=\"wp-block-heading\"><strong><mark style=\"background-color:#7bdcb5\" class=\"has-inline-color has-ast-global-color-5-color\">Comment se passe une s\u00e9ance ?<\/mark><\/strong><\/h3>\n\n\n\n<p>Alternance entre moment de parole en \u00e9tant assis comme dans un cabinet &#8220;classique&#8221;.<br>et un moment sur la table (en restant habill\u00e9.e ou en sous v\u00eatements).<br>Accompagn\u00e9 de moment d&#8217;exploration \u00e0 travers des outils d&#8217;art th\u00e9rapie: dessin, l&#8217;\u00e9criture, le mouvement,&#8230;<br><br>Lors des moments sur la table de massage, nous resterons en communication pendant que mes mains se poseront sur vous afin d&#8217;inviter &#8220;l&#8217;\u00e9coute int\u00e9rieure&#8221;.<br>Un dialogue s&#8217;installe \u00e0 travers vos sensations, vos souvenirs, vos r\u00e9sistances, vos images&#8230;<br>Je vous accompagne dans cet espace de connexion \u00e0 vous, (et au grand tout).<br><br><strong><mark style=\"background-color:rgba(0, 0, 0, 0);color:#fcb900\" class=\"has-inline-color\">Approche corporelle douce par la d\u00e9tente profonde des muscles, des fascias et de la respiration.<\/mark><\/strong><br>                                         <strong><mark style=\"background-color:rgba(0, 0, 0, 0);color:#fcb900\" class=\"has-inline-color\">accompagn\u00e9 par l&#8217;art-th\u00e9rapie.<\/mark><\/strong><\/p>\n\n\n\n<div style=\"height:100px\" aria-hidden=\"true\" class=\"wp-block-spacer\"><\/div>\n\n\n\n<h3 class=\"wp-block-heading\"><strong><mark style=\"background-color:#7bdcb5\" class=\"has-inline-color has-ast-global-color-5-color\">Que pouvons-nous vous souhaiter ?<\/mark><\/strong><\/h3>\n\n\n\n<blockquote class=\"wp-block-quote is-layout-flow wp-block-quote-is-layout-flow\">\n<p>Au fil des s\u00e9ances,<br>une plus stable connexion \u00e0 soi,<br>un mieux-\u00eatre qui ouvre nos espaces int\u00e9rieurs pouvant retrouver de l&#8217;aisance<br>et raviver nos inspirations (de vie, d&#8217;envies, de cr\u00e9ativit\u00e9).<\/p>\n\n\n\n<blockquote class=\"wp-block-quote is-layout-flow wp-block-quote-is-layout-flow\">\n<p class=\"has-text-align-left\"><strong><mark style=\"background-color:rgba(0, 0, 0, 0);color:#fcb900\" class=\"has-inline-color\"><em>Notre manque de fluidit\u00e9 r\u00e9side dans le poids de notre pass\u00e9<\/em><br><em>et de ses chocs physiques \u2013 psychiques \u2013 \u00e9motionnels non-trait\u00e9s.<\/em><\/mark><\/strong><\/p>\n\n\n\n<p class=\"has-text-align-right\"><br><span style=\"text-decoration: underline;\">Le corps n&#8217;oublie rien.<br><\/span><br><\/p>\n<\/blockquote>\n<\/blockquote>\n\n\n\n<hr class=\"wp-block-separator has-alpha-channel-opacity\"\/>\n\n\n\n<div class=\"wp-block-media-text is-stacked-on-mobile\"><figure class=\"wp-block-media-text__media\"><img loading=\"lazy\" decoding=\"async\" width=\"1024\" height=\"801\" src=\"http:\/\/robinbeumier.com\/wp-content\/uploads\/2026\/03\/Capture-decran-2026-03-26-a-10.50.10-1024x801.png\" alt=\"Beumier Robin Th\u00e9rapeute\" class=\"wp-image-264 size-full\" srcset=\"https:\/\/robinbeumier.com\/wp-content\/uploads\/2026\/03\/Capture-decran-2026-03-26-a-10.50.10-1024x801.png 1024w, https:\/\/robinbeumier.com\/wp-content\/uploads\/2026\/03\/Capture-decran-2026-03-26-a-10.50.10-300x235.png 300w, https:\/\/robinbeumier.com\/wp-content\/uploads\/2026\/03\/Capture-decran-2026-03-26-a-10.50.10-768x601.png 768w, https:\/\/robinbeumier.com\/wp-content\/uploads\/2026\/03\/Capture-decran-2026-03-26-a-10.50.10-1536x1201.png 1536w, https:\/\/robinbeumier.com\/wp-content\/uploads\/2026\/03\/Capture-decran-2026-03-26-a-10.50.10.png 1596w\" sizes=\"auto, (max-width: 1024px) 100vw, 1024px\" \/><\/figure><div class=\"wp-block-media-text__content\">\n<h4 class=\"wp-block-heading\">S\u00e9ance d&#8217;une heure,<br>prix selon vos possibilit\u00e9s: de 50 \u00e0 70\u20ac.<br><br>\u00c0 deux pas de l&#8217;\u00e9glise Saint-Servais (Scharbeek).<\/h4>\n<\/div><\/div>\n\n\n\n<div style=\"height:100px\" aria-hidden=\"true\" class=\"wp-block-spacer\"><\/div>\n\n\n\n<div style=\"height:100px\" aria-hidden=\"true\" class=\"wp-block-spacer\"><\/div>\n\n\n\n<hr class=\"wp-block-separator has-alpha-channel-opacity\"\/>\n\n\n\n<blockquote class=\"wp-block-quote is-layout-flow wp-block-quote-is-layout-flow\">\n<p class=\"has-text-align-right\"><br>\u00ab J&#8217;ai toujours senti que la vie pouvait \u00eatre douce voir presque &#8220;sans effort&#8221;. Notre manque de fluidit\u00e9 r\u00e9side dans le poids de notre pass\u00e9 et ces chocs physiques &#8211; psychiques &#8211; \u00e9motionnels non-trait\u00e9s. La vie n&#8217;est pas un calvaire, elle n&#8217;est pas contre nous, elle demande juste \u00e0 ce qu&#8217;on s&#8217;ajuste \u00e0 soi-m\u00eame, \u00e0 ce qu&#8217;on trouve notre alignement, notre mission, notre place au monde. \u00bb <br>(Robin Beumier)<\/p>\n\n\n\n<p>\u00ab Le corps ne peut trouver d&#8217;\u00e9quilibre qu&#8217;avec une vie psychique unifi\u00e9e. \u00bb (Lara Szyper)<br><\/p>\n\n\n\n<p class=\"has-text-align-right\">\u00ab La conscience du corps est la conscience de l&#8217;esprit, l&#8217;un e(s)t l&#8217;autre,<br>et l&#8217;un ne va pas sans l&#8217;autre. \u00bb (Lara Szyper)<\/p>\n\n\n\n<p class=\"has-text-align-left\"><br>\u00ab Peace in myself, peace in the world. \u00bb (Tich Nhat Hanh)<\/p>\n\n\n\n<p><\/p>\n<\/blockquote>\n\n\n\n<figure class=\"wp-block-image alignwide size-large\"><img loading=\"lazy\" decoding=\"async\" width=\"1024\" height=\"461\" src=\"https:\/\/robinbeumier.com\/wp-content\/uploads\/2026\/01\/Capture-decran-2026-01-04-a-12.07.00-1024x461.png\" alt=\"\" class=\"wp-image-67\" srcset=\"https:\/\/robinbeumier.com\/wp-content\/uploads\/2026\/01\/Capture-decran-2026-01-04-a-12.07.00-1024x461.png 1024w, https:\/\/robinbeumier.com\/wp-content\/uploads\/2026\/01\/Capture-decran-2026-01-04-a-12.07.00-300x135.png 300w, https:\/\/robinbeumier.com\/wp-content\/uploads\/2026\/01\/Capture-decran-2026-01-04-a-12.07.00-768x346.png 768w, https:\/\/robinbeumier.com\/wp-content\/uploads\/2026\/01\/Capture-decran-2026-01-04-a-12.07.00-1536x691.png 1536w, https:\/\/robinbeumier.com\/wp-content\/uploads\/2026\/01\/Capture-decran-2026-01-04-a-12.07.00.png 1946w\" sizes=\"auto, (max-width: 1024px) 100vw, 1024px\" \/><\/figure>\n\n\n\n<hr class=\"wp-block-separator has-alpha-channel-opacity\"\/>\n\n\n\n<div class=\"wp-block-buttons alignwide is-content-justification-center is-layout-flex wp-container-core-buttons-is-layout-a89b3969 wp-block-buttons-is-layout-flex\">\n<div class=\"wp-block-button\"><a class=\"wp-block-button__link wp-element-button\">Questions &amp; prise de rendez-vous<\/a><\/div>\n<\/div>\n\n\n\n<p><\/p>\n","protected":false},"excerpt":{"rendered":"<p>Art th\u00e9rapie Les s\u00e9ances sont accompagn\u00e9es d&#8217;une possibilit\u00e9 d&#8217;inclure l&#8217;art th\u00e9rapie. Pas de comp\u00e9tence d&#8217;artiste requise&#8230; Il s&#8217;agit d&#8217;utiliser les [&hellip;]<\/p>\n","protected":false},"author":1,"featured_media":0,"parent":0,"menu_order":0,"comment_status":"closed","ping_status":"closed","template":"","meta":{"site-sidebar-layout":"default","site-content-layout":"","ast-site-content-layout":"default","site-content-style":"default","site-sidebar-style":"default","ast-global-header-display":"","ast-banner-title-visibility":"","ast-main-header-display":"","ast-hfb-above-header-display":"","ast-hfb-below-header-display":"","ast-hfb-mobile-header-display":"","site-post-title":"disabled","ast-breadcrumbs-content":"","ast-featured-img":"","footer-sml-layout":"","ast-disable-related-posts":"","theme-transparent-header-meta":"","adv-header-id-meta":"","stick-header-meta":"","header-above-stick-meta":"","header-main-stick-meta":"","header-below-stick-meta":"","astra-migrate-meta-layouts":"default","ast-page-background-enabled":"default","ast-page-background-meta":{"desktop":{"background-color":"var(--ast-global-color-5)","background-image":"","background-repeat":"repeat","background-position":"center center","background-size":"auto","background-attachment":"scroll","background-type":"","background-media":"","overlay-type":"","overlay-color":"","overlay-opacity":"","overlay-gradient":""},"tablet":{"background-color":"","background-image":"","background-repeat":"repeat","background-position":"center center","background-size":"auto","background-attachment":"scroll","background-type":"","background-media":"","overlay-type":"","overlay-color":"","overlay-opacity":"","overlay-gradient":""},"mobile":{"background-color":"","background-image":"","background-repeat":"repeat","background-position":"center center","background-size":"auto","background-attachment":"scroll","background-type":"","background-media":"","overlay-type":"","overlay-color":"","overlay-opacity":"","overlay-gradient":""}},"ast-content-background-meta":{"desktop":{"background-color":"var(--ast-global-color-4)","background-image":"","background-repeat":"repeat","background-position":"center center","background-size":"auto","background-attachment":"scroll","background-type":"","background-media":"","overlay-type":"","overlay-color":"","overlay-opacity":"","overlay-gradient":""},"tablet":{"background-color":"var(--ast-global-color-4)","background-image":"","background-repeat":"repeat","background-position":"center center","background-size":"auto","background-attachment":"scroll","background-type":"","background-media":"","overlay-type":"","overlay-color":"","overlay-opacity":"","overlay-gradient":""},"mobile":{"background-color":"var(--ast-global-color-4)","background-image":"","background-repeat":"repeat","background-position":"center center","background-size":"auto","background-attachment":"scroll","background-type":"","background-media":"","overlay-type":"","overlay-color":"","overlay-opacity":"","overlay-gradient":""}},"footnotes":""},"class_list":["post-64","page","type-page","status-publish","hentry"],"_links":{"self":[{"href":"https:\/\/robinbeumier.com\/index.php\/wp-json\/wp\/v2\/pages\/64","targetHints":{"allow":["GET"]}}],"collection":[{"href":"https:\/\/robinbeumier.com\/index.php\/wp-json\/wp\/v2\/pages"}],"about":[{"href":"https:\/\/robinbeumier.com\/index.php\/wp-json\/wp\/v2\/types\/page"}],"author":[{"embeddable":true,"href":"https:\/\/robinbeumier.com\/index.php\/wp-json\/wp\/v2\/users\/1"}],"replies":[{"embeddable":true,"href":"https:\/\/robinbeumier.com\/index.php\/wp-json\/wp\/v2\/comments?post=64"}],"version-history":[{"count":26,"href":"https:\/\/robinbeumier.com\/index.php\/wp-json\/wp\/v2\/pages\/64\/revisions"}],"predecessor-version":[{"id":495,"href":"https:\/\/robinbeumier.com\/index.php\/wp-json\/wp\/v2\/pages\/64\/revisions\/495"}],"wp:attachment":[{"href":"https:\/\/robinbeumier.com\/index.php\/wp-json\/wp\/v2\/media?parent=64"}],"curies":[{"name":"wp","href":"https:\/\/api.w.org\/{rel}","templated":true}]}}