{"id":137,"date":"2026-01-04T14:54:31","date_gmt":"2026-01-04T14:54:31","guid":{"rendered":"https:\/\/robinbeumier.com\/?page_id=137"},"modified":"2026-04-01T13:11:42","modified_gmt":"2026-04-01T13:11:42","slug":"calendrier","status":"publish","type":"page","link":"https:\/\/robinbeumier.com\/index.php\/calendrier\/","title":{"rendered":"Calendrier"},"content":{"rendered":"\n<div class=\"wp-block-cover is-light\" style=\"min-height:194px;aspect-ratio:unset;\"><span aria-hidden=\"true\" class=\"wp-block-cover__background has-luminous-vivid-amber-background-color has-background-dim-100 has-background-dim\"><\/span><div class=\"wp-block-cover__inner-container is-layout-constrained wp-block-cover-is-layout-constrained\">\n<h2 class=\"wp-block-heading has-text-align-center has-white-color has-text-color\">Calendrier<\/h2>\n<\/div><\/div>\n\n\n\n<p><\/p>\n\n\n\n<h2 class=\"wp-block-heading\"><br><strong><mark style=\"background-color:rgba(0, 0, 0, 0);color:#fcb900\" class=\"has-inline-color\">Yoga du son,<\/mark><\/strong><br><strong><mark style=\"background-color:rgba(0, 0, 0, 0);color:#fcb900\" class=\"has-inline-color\">Union des \u00e9quilibres :<\/mark><\/strong><\/h2>\n\n\n\n<p><strong><mark style=\"background-color:rgba(0, 0, 0, 0);color:#fcb900\" class=\"has-inline-color\">Exploration sur 5 s\u00e9ances<\/mark> <\/strong><\/p>\n\n\n\n<p>Qu&#8217;est ce que yoga du son ?<br>Explication sur <a href=\"https:\/\/robinbeumier.com\/index.php\/yoga-du-son\/\">la pratique ici.<\/a><br>Le contenu sera soutenu par des mouvements de Qi Gong, par les images po\u00e9tiques de la Skinner Releasing technique ainsi que par des moments d&#8217;int\u00e9gration (\u00e9criture, dessin, auto-massage, body-scan,&#8230;).<\/p>\n\n\n\n<p>Un espace bienveillant, o\u00f9 chacun.e y (re)trouve son rythme.<\/p>\n\n\n\n<hr class=\"wp-block-separator has-alpha-channel-opacity\"\/>\n\n\n\n<h3 class=\"wp-block-heading\"><strong><mark style=\"background-color:rgba(0, 0, 0, 0);color:#fcb900\" class=\"has-inline-color\">Horaire et dates<\/mark><\/strong><\/h3>\n\n\n\n<p><strong>Les jeudis de 19h45 &#8211; 21h15 (1h30).<\/strong><br><strong>-> 30 avril &#8211; 07, 21 mai &#8211; 04, 11 juin 2026. &lt;- <\/strong><\/p>\n\n\n\n<hr class=\"wp-block-separator has-alpha-channel-opacity\"\/>\n\n\n\n<h3 class=\"wp-block-heading\"><strong><mark style=\"background-color:rgba(0, 0, 0, 0);color:#fcb900\" class=\"has-inline-color\">O\u00f9<\/mark><\/strong><\/h3>\n\n\n\n<p><strong>Studio A-Cravate<\/strong><br><strong>Rue de m\u00e9rode 214, Saint-Gilles<\/strong><\/p>\n\n\n\n<hr class=\"wp-block-separator has-alpha-channel-opacity\"\/>\n\n\n\n<h3 class=\"wp-block-heading\"><strong><mark style=\"background-color:rgba(0, 0, 0, 0);color:#fcb900\" class=\"has-inline-color\">Prix<\/mark><\/strong><\/h3>\n\n\n\n<p><strong>Tarif libre et conscient : de 95\u20ac \u00e0 125\u20ac les 5 s\u00e9ances<\/strong>:<br><br><em>Pour que l&#8217;activit\u00e9 soit viable, 110\u20ac par participant.e.es est id\u00e9al.<br>En fonction des r\u00e9alit\u00e9s financi\u00e8res de chacun.e, le tarif propos\u00e9 est au choix.<br>Si vous en avez la possibilit\u00e9, vous pouvez contribuer davantage pour soutenir celleux qui paieront moins.<\/em><\/p>\n\n\n\n<p>En esp\u00e8ces ou par virement BE50 001282419418 (Blanc-Cerf asbl)<br>Payable en une ou deux fois.<\/p>\n\n\n\n<hr class=\"wp-block-separator has-alpha-channel-opacity\"\/>\n\n\n\n<h3 class=\"wp-block-heading\"><strong><mark style=\"background-color:rgba(0, 0, 0, 0);color:#fcb900\" class=\"has-inline-color\">Sur inscription<\/mark><\/strong><\/h3>\n\n\n\n<p><strong>Beumier.r@gmail.com +32 483 58238<\/strong> (Groupe max de 12 personnes)<\/p>\n\n\n\n<div style=\"height:100px\" aria-hidden=\"true\" class=\"wp-block-spacer\"><\/div>\n\n\n\n<p>\/ . \/ . \/ . \/ . \/ . \/ . \/ . \/ . \/ . \/ . \/ . \/ . \/ . \/ . \/ . \/ . \/ . \/ . \/ . \/ . \/ . \/ . \/ . \/ . \/ . \/ . \/ . \/ . \/ . \/ . \/ . \/ . \/ . \/ . \/ . \/ . \/ . \/ . \/ . \/ . \/ . \/ . \/ . \/ . \/ . \/ . \/ . \/ . \/ . \/ . \/ . \/ . \/ . \/ . <\/p>\n\n\n\n<h2 class=\"wp-block-heading\"><strong><mark style=\"background-color:rgba(0, 0, 0, 0);color:#fcb900\" class=\"has-inline-color\">Skinner Releasing Technique<\/mark><\/strong><\/h2>\n\n\n\n<p><strong><mark style=\"background-color:rgba(0, 0, 0, 0);color:#fcb900\" class=\"has-inline-color\">Exploration sur 15 s\u00e9ances<\/mark> <\/strong><\/p>\n\n\n\n<p>Dates et infos \u00e0 venir.<br><strong><mark style=\"background-color:rgba(0, 0, 0, 0);color:#fcb900\" class=\"has-inline-color\">Prochaines sessions d\u00e9but septembre 2026<\/mark><br><\/strong>Inscription \u00e0 la newsletter en bas du site pour \u00eatre tenu inform\u00e9.e. ou en m&#8217;envoyant un email \u00e0 beumier.r(arobase).com<\/p>\n\n\n\n<p>Toutes les infos sur <a href=\"https:\/\/robinbeumier.com\/index.php\/skinner-releasing-technique\/\">la pratique ici.<\/a><\/p>\n\n\n\n<div style=\"height:100px\" aria-hidden=\"true\" class=\"wp-block-spacer\"><\/div>\n\n\n\n<p>\/ . \/ . \/ . \/ . \/ . \/ . \/ . \/ . \/ . \/ . \/ . \/ . \/ . \/ . \/ . \/ . \/ . \/ . \/ . \/ . \/ . \/ . \/ . \/ . \/ . \/ . \/ . \/ . \/ . \/ . \/ . \/ . \/ . \/ . \/ . \/ . \/ . \/ . \/ . \/ . \/ . \/ . \/ . \/ . \/ . \/ . \/ . \/ . \/ . \/ . \/ . \/ . \/ . \/ . <\/p>\n\n\n\n<p><\/p>\n","protected":false},"excerpt":{"rendered":"<p>Yoga du son,Union des \u00e9quilibres : Exploration sur 5 s\u00e9ances Qu&#8217;est ce que yoga du son ?Explication sur la pratique [&hellip;]<\/p>\n","protected":false},"author":1,"featured_media":0,"parent":0,"menu_order":0,"comment_status":"closed","ping_status":"closed","template":"","meta":{"site-sidebar-layout":"default","site-content-layout":"","ast-site-content-layout":"default","site-content-style":"default","site-sidebar-style":"default","ast-global-header-display":"","ast-banner-title-visibility":"","ast-main-header-display":"","ast-hfb-above-header-display":"","ast-hfb-below-header-display":"","ast-hfb-mobile-header-display":"","site-post-title":"disabled","ast-breadcrumbs-content":"","ast-featured-img":"","footer-sml-layout":"","ast-disable-related-posts":"","theme-transparent-header-meta":"","adv-header-id-meta":"","stick-header-meta":"","header-above-stick-meta":"","header-main-stick-meta":"","header-below-stick-meta":"","astra-migrate-meta-layouts":"default","ast-page-background-enabled":"default","ast-page-background-meta":{"desktop":{"background-color":"var(--ast-global-color-5)","background-image":"","background-repeat":"repeat","background-position":"center center","background-size":"auto","background-attachment":"scroll","background-type":"","background-media":"","overlay-type":"","overlay-color":"","overlay-opacity":"","overlay-gradient":""},"tablet":{"background-color":"","background-image":"","background-repeat":"repeat","background-position":"center center","background-size":"auto","background-attachment":"scroll","background-type":"","background-media":"","overlay-type":"","overlay-color":"","overlay-opacity":"","overlay-gradient":""},"mobile":{"background-color":"","background-image":"","background-repeat":"repeat","background-position":"center center","background-size":"auto","background-attachment":"scroll","background-type":"","background-media":"","overlay-type":"","overlay-color":"","overlay-opacity":"","overlay-gradient":""}},"ast-content-background-meta":{"desktop":{"background-color":"var(--ast-global-color-4)","background-image":"","background-repeat":"repeat","background-position":"center center","background-size":"auto","background-attachment":"scroll","background-type":"","background-media":"","overlay-type":"","overlay-color":"","overlay-opacity":"","overlay-gradient":""},"tablet":{"background-color":"var(--ast-global-color-4)","background-image":"","background-repeat":"repeat","background-position":"center center","background-size":"auto","background-attachment":"scroll","background-type":"","background-media":"","overlay-type":"","overlay-color":"","overlay-opacity":"","overlay-gradient":""},"mobile":{"background-color":"var(--ast-global-color-4)","background-image":"","background-repeat":"repeat","background-position":"center center","background-size":"auto","background-attachment":"scroll","background-type":"","background-media":"","overlay-type":"","overlay-color":"","overlay-opacity":"","overlay-gradient":""}},"footnotes":""},"class_list":["post-137","page","type-page","status-publish","hentry"],"_links":{"self":[{"href":"https:\/\/robinbeumier.com\/index.php\/wp-json\/wp\/v2\/pages\/137","targetHints":{"allow":["GET"]}}],"collection":[{"href":"https:\/\/robinbeumier.com\/index.php\/wp-json\/wp\/v2\/pages"}],"about":[{"href":"https:\/\/robinbeumier.com\/index.php\/wp-json\/wp\/v2\/types\/page"}],"author":[{"embeddable":true,"href":"https:\/\/robinbeumier.com\/index.php\/wp-json\/wp\/v2\/users\/1"}],"replies":[{"embeddable":true,"href":"https:\/\/robinbeumier.com\/index.php\/wp-json\/wp\/v2\/comments?post=137"}],"version-history":[{"count":8,"href":"https:\/\/robinbeumier.com\/index.php\/wp-json\/wp\/v2\/pages\/137\/revisions"}],"predecessor-version":[{"id":343,"href":"https:\/\/robinbeumier.com\/index.php\/wp-json\/wp\/v2\/pages\/137\/revisions\/343"}],"wp:attachment":[{"href":"https:\/\/robinbeumier.com\/index.php\/wp-json\/wp\/v2\/media?parent=137"}],"curies":[{"name":"wp","href":"https:\/\/api.w.org\/{rel}","templated":true}]}}