{"id":135,"date":"2026-01-04T14:54:18","date_gmt":"2026-01-04T14:54:18","guid":{"rendered":"https:\/\/robinbeumier.com\/?page_id=135"},"modified":"2026-04-15T07:29:01","modified_gmt":"2026-04-15T07:29:01","slug":"portfolio","status":"publish","type":"page","link":"https:\/\/robinbeumier.com\/index.php\/portfolio\/","title":{"rendered":"Cr\u00e9ations"},"content":{"rendered":"\n<div class=\"wp-block-cover has-custom-content-position is-position-bottom-center wp-duotone-9b51e0-00a5ff-1\" style=\"min-height:194px;aspect-ratio:unset;\"><img loading=\"lazy\" decoding=\"async\" width=\"1024\" height=\"684\" class=\"wp-block-cover__image-background wp-image-358 size-large\" alt=\"\" src=\"https:\/\/robinbeumier.com\/wp-content\/uploads\/2026\/04\/Womb_robinbeumier-4-1024x684.jpg\" data-object-fit=\"cover\" srcset=\"https:\/\/robinbeumier.com\/wp-content\/uploads\/2026\/04\/Womb_robinbeumier-4-1024x684.jpg 1024w, https:\/\/robinbeumier.com\/wp-content\/uploads\/2026\/04\/Womb_robinbeumier-4-300x200.jpg 300w, https:\/\/robinbeumier.com\/wp-content\/uploads\/2026\/04\/Womb_robinbeumier-4-768x513.jpg 768w, https:\/\/robinbeumier.com\/wp-content\/uploads\/2026\/04\/Womb_robinbeumier-4.jpg 1400w\" sizes=\"auto, (max-width: 1024px) 100vw, 1024px\" \/><span aria-hidden=\"true\" class=\"wp-block-cover__background has-luminous-vivid-amber-background-color has-background-dim\"><\/span><div class=\"wp-block-cover__inner-container is-layout-constrained wp-block-cover-is-layout-constrained\">\n<h2 class=\"wp-block-heading has-text-align-center has-white-color has-text-color\">Cr\u00e9ations<\/h2>\n<\/div><\/div>\n\n\n\n<div style=\"height:100px\" aria-hidden=\"true\" class=\"wp-block-spacer\"><\/div>\n\n\n\n<div class=\"wp-block-media-text is-stacked-on-mobile\"><figure class=\"wp-block-media-text__media\"><img loading=\"lazy\" decoding=\"async\" width=\"1000\" height=\"1000\" src=\"http:\/\/robinbeumier.com\/wp-content\/uploads\/2026\/03\/2.jpg\" alt=\"\" class=\"wp-image-205 size-full\" srcset=\"https:\/\/robinbeumier.com\/wp-content\/uploads\/2026\/03\/2.jpg 1000w, https:\/\/robinbeumier.com\/wp-content\/uploads\/2026\/03\/2-300x300.jpg 300w, https:\/\/robinbeumier.com\/wp-content\/uploads\/2026\/03\/2-150x150.jpg 150w, https:\/\/robinbeumier.com\/wp-content\/uploads\/2026\/03\/2-768x768.jpg 768w\" sizes=\"auto, (max-width: 1000px) 100vw, 1000px\" \/><\/figure><div class=\"wp-block-media-text__content\">\n<h3 class=\"wp-block-heading\"><mark style=\"background-color:#fcb900\" class=\"has-inline-color has-ast-global-color-5-color\">ROBOBINE_UPCYCLING<\/mark><\/h3>\n\n\n\n<blockquote class=\"wp-block-quote is-layout-flow wp-block-quote-is-layout-flow\">\n<p>Transformation de v\u00eatements de seconde-main en cr\u00e9ation unique.<\/p>\n<\/blockquote>\n\n\n\n<p><br>J\u2019explore les mati\u00e8res de \u201cseconde-main\u201d.<br>Un v\u00eatement qui a du potentiel mais qui est rest\u00e9 \u201cclassique\u201d. Une parure oubli\u00e9e\u2026<br>J\u2019utilise des tissus chin\u00e9s de toutes sortes, ci et l\u00e0, j\u2019assemble \u00e0 la machine les textures, les fils, les reliefs et leurs histoires.<br>Je joue avec le trait de couture, comme un sismographe qui donnerait place au figuratif et \u00e0 l\u2019abstrait.<br>Parfois je pousse un plus loin, en amenant des petites cloches, des mat\u00e9riaux insolites, des volumes paillet\u00e9s,\u2026<\/p>\n\n\n\n<div class=\"wp-block-buttons is-layout-flex wp-block-buttons-is-layout-flex\">\n<div class=\"wp-block-button\"><a class=\"wp-block-button__link has-text-align-center wp-element-button\" href=\"https:\/\/robinbeumier.com\/index.php\/robobine_upcycling\/\">\ud83c\udf8a  En savoir plus  \ud83c\udf8a<\/a><\/div>\n<\/div>\n<\/div><\/div>\n\n\n\n<div style=\"height:100px\" aria-hidden=\"true\" class=\"wp-block-spacer\"><\/div>\n\n\n\n<hr class=\"wp-block-separator has-alpha-channel-opacity\"\/>\n\n\n\n<div style=\"height:100px\" aria-hidden=\"true\" class=\"wp-block-spacer\"><\/div>\n\n\n\n<div class=\"wp-block-media-text has-media-on-the-right is-stacked-on-mobile\" style=\"grid-template-columns:auto 32%\"><div class=\"wp-block-media-text__content\">\n<h3 class=\"wp-block-heading\"><mark style=\"background-color:#fcb900\" class=\"has-inline-color has-ast-global-color-5-color\">PERFORMANCE DANSE<\/mark><\/h3>\n\n\n\n<blockquote class=\"wp-block-quote is-layout-flow wp-block-quote-is-layout-flow\">\n<p><em>Une danse, une trance, une communion avec le vivant et la mati\u00e8re humus.<\/em><\/p>\n<\/blockquote>\n\n\n\n<div class=\"wp-block-columns is-layout-flex wp-container-core-columns-is-layout-28f84493 wp-block-columns-is-layout-flex\">\n<div class=\"wp-block-column is-layout-flow wp-block-column-is-layout-flow\" style=\"flex-basis:100%\">\n<div class=\"wp-block-buttons is-layout-flex wp-block-buttons-is-layout-flex\">\n<div class=\"wp-block-button\"><a class=\"wp-block-button__link wp-element-button\" href=\"https:\/\/robinbeumier.com\/index.php\/danses\/\">\u2618\ufe0f En voir plus \u2618\ufe0f<\/a><\/div>\n<\/div>\n<\/div>\n<\/div>\n<\/div><figure class=\"wp-block-media-text__media\"><img loading=\"lazy\" decoding=\"async\" width=\"575\" height=\"1024\" src=\"http:\/\/robinbeumier.com\/wp-content\/uploads\/2026\/04\/IMG_8204-EDIT-575x1024.jpg\" alt=\"Robin Beumier\" class=\"wp-image-362 size-full\" srcset=\"https:\/\/robinbeumier.com\/wp-content\/uploads\/2026\/04\/IMG_8204-EDIT-575x1024.jpg 575w, https:\/\/robinbeumier.com\/wp-content\/uploads\/2026\/04\/IMG_8204-EDIT-169x300.jpg 169w, https:\/\/robinbeumier.com\/wp-content\/uploads\/2026\/04\/IMG_8204-EDIT.jpg 612w\" sizes=\"auto, (max-width: 575px) 100vw, 575px\" \/><\/figure><\/div>\n\n\n\n<div style=\"height:100px\" aria-hidden=\"true\" class=\"wp-block-spacer\"><\/div>\n\n\n\n<hr class=\"wp-block-separator has-alpha-channel-opacity\"\/>\n\n\n\n<div style=\"height:100px\" aria-hidden=\"true\" class=\"wp-block-spacer\"><\/div>\n\n\n\n<div class=\"wp-block-media-text is-stacked-on-mobile\"><figure class=\"wp-block-media-text__media\"><img loading=\"lazy\" decoding=\"async\" width=\"1024\" height=\"677\" src=\"http:\/\/robinbeumier.com\/wp-content\/uploads\/2026\/04\/Capture-decran-2026-03-31-a-13.57.08-1024x677.png\" alt=\"Photographie humaniste portrait, Robin Beumier\" class=\"wp-image-498 size-full\" srcset=\"https:\/\/robinbeumier.com\/wp-content\/uploads\/2026\/04\/Capture-decran-2026-03-31-a-13.57.08-1024x677.png 1024w, https:\/\/robinbeumier.com\/wp-content\/uploads\/2026\/04\/Capture-decran-2026-03-31-a-13.57.08-300x198.png 300w, https:\/\/robinbeumier.com\/wp-content\/uploads\/2026\/04\/Capture-decran-2026-03-31-a-13.57.08-768x508.png 768w, https:\/\/robinbeumier.com\/wp-content\/uploads\/2026\/04\/Capture-decran-2026-03-31-a-13.57.08-1536x1015.png 1536w, https:\/\/robinbeumier.com\/wp-content\/uploads\/2026\/04\/Capture-decran-2026-03-31-a-13.57.08.png 1994w\" sizes=\"auto, (max-width: 1024px) 100vw, 1024px\" \/><\/figure><div class=\"wp-block-media-text__content\">\n<h3 class=\"wp-block-heading\"><mark style=\"background-color:#fcb900\" class=\"has-inline-color has-ast-global-color-5-color\">PHOTOGRAPHIE HUMANISTE<\/mark><\/h3>\n\n\n\n<blockquote class=\"wp-block-quote is-layout-flow wp-block-quote-is-layout-flow\">\n<p>L&#8217;humain repr\u00e9sent\u00e9 dans son environnement: <br>Approche spontan\u00e9e de l&#8217;image, sans artifice ou mise en sc\u00e8ne. <\/p>\n<\/blockquote>\n\n\n\n<div class=\"wp-block-buttons is-layout-flex wp-block-buttons-is-layout-flex\">\n<div class=\"wp-block-button\"><a class=\"wp-block-button__link wp-element-button\" href=\"https:\/\/robinbeumier.com\/index.php\/photographie-humaniste\/\">\ud83d\ude4f Portfolio \ud83d\ude4f<\/a><\/div>\n<\/div>\n<\/div><\/div>\n\n\n\n<div style=\"height:100px\" aria-hidden=\"true\" class=\"wp-block-spacer\"><\/div>\n","protected":false},"excerpt":{"rendered":"","protected":false},"author":1,"featured_media":0,"parent":0,"menu_order":0,"comment_status":"closed","ping_status":"closed","template":"","meta":{"site-sidebar-layout":"default","site-content-layout":"","ast-site-content-layout":"default","site-content-style":"default","site-sidebar-style":"default","ast-global-header-display":"","ast-banner-title-visibility":"","ast-main-header-display":"","ast-hfb-above-header-display":"","ast-hfb-below-header-display":"","ast-hfb-mobile-header-display":"","site-post-title":"disabled","ast-breadcrumbs-content":"","ast-featured-img":"","footer-sml-layout":"","ast-disable-related-posts":"","theme-transparent-header-meta":"","adv-header-id-meta":"","stick-header-meta":"","header-above-stick-meta":"","header-main-stick-meta":"","header-below-stick-meta":"","astra-migrate-meta-layouts":"default","ast-page-background-enabled":"default","ast-page-background-meta":{"desktop":{"background-color":"var(--ast-global-color-5)","background-image":"","background-repeat":"repeat","background-position":"center center","background-size":"auto","background-attachment":"scroll","background-type":"","background-media":"","overlay-type":"","overlay-color":"","overlay-opacity":"","overlay-gradient":""},"tablet":{"background-color":"","background-image":"","background-repeat":"repeat","background-position":"center center","background-size":"auto","background-attachment":"scroll","background-type":"","background-media":"","overlay-type":"","overlay-color":"","overlay-opacity":"","overlay-gradient":""},"mobile":{"background-color":"","background-image":"","background-repeat":"repeat","background-position":"center center","background-size":"auto","background-attachment":"scroll","background-type":"","background-media":"","overlay-type":"","overlay-color":"","overlay-opacity":"","overlay-gradient":""}},"ast-content-background-meta":{"desktop":{"background-color":"var(--ast-global-color-4)","background-image":"","background-repeat":"repeat","background-position":"center center","background-size":"auto","background-attachment":"scroll","background-type":"","background-media":"","overlay-type":"","overlay-color":"","overlay-opacity":"","overlay-gradient":""},"tablet":{"background-color":"var(--ast-global-color-4)","background-image":"","background-repeat":"repeat","background-position":"center center","background-size":"auto","background-attachment":"scroll","background-type":"","background-media":"","overlay-type":"","overlay-color":"","overlay-opacity":"","overlay-gradient":""},"mobile":{"background-color":"var(--ast-global-color-4)","background-image":"","background-repeat":"repeat","background-position":"center center","background-size":"auto","background-attachment":"scroll","background-type":"","background-media":"","overlay-type":"","overlay-color":"","overlay-opacity":"","overlay-gradient":""}},"footnotes":""},"class_list":["post-135","page","type-page","status-publish","hentry"],"_links":{"self":[{"href":"https:\/\/robinbeumier.com\/index.php\/wp-json\/wp\/v2\/pages\/135","targetHints":{"allow":["GET"]}}],"collection":[{"href":"https:\/\/robinbeumier.com\/index.php\/wp-json\/wp\/v2\/pages"}],"about":[{"href":"https:\/\/robinbeumier.com\/index.php\/wp-json\/wp\/v2\/types\/page"}],"author":[{"embeddable":true,"href":"https:\/\/robinbeumier.com\/index.php\/wp-json\/wp\/v2\/users\/1"}],"replies":[{"embeddable":true,"href":"https:\/\/robinbeumier.com\/index.php\/wp-json\/wp\/v2\/comments?post=135"}],"version-history":[{"count":7,"href":"https:\/\/robinbeumier.com\/index.php\/wp-json\/wp\/v2\/pages\/135\/revisions"}],"predecessor-version":[{"id":504,"href":"https:\/\/robinbeumier.com\/index.php\/wp-json\/wp\/v2\/pages\/135\/revisions\/504"}],"wp:attachment":[{"href":"https:\/\/robinbeumier.com\/index.php\/wp-json\/wp\/v2\/media?parent=135"}],"curies":[{"name":"wp","href":"https:\/\/api.w.org\/{rel}","templated":true}]}}