{"id":109,"date":"2026-01-04T14:43:57","date_gmt":"2026-01-04T14:43:57","guid":{"rendered":"https:\/\/robinbeumier.com\/?page_id=109"},"modified":"2026-04-06T08:44:52","modified_gmt":"2026-04-06T08:44:52","slug":"photographie-humaniste","status":"publish","type":"page","link":"https:\/\/robinbeumier.com\/index.php\/photographie-humaniste\/","title":{"rendered":"Photographie Humaniste"},"content":{"rendered":"\n<div class=\"wp-block-cover is-light has-custom-content-position is-position-bottom-center wp-duotone-blue-red\" style=\"min-height:194px;aspect-ratio:unset;\"><img loading=\"lazy\" decoding=\"async\" width=\"1024\" height=\"688\" class=\"wp-block-cover__image-background wp-image-413 size-large\" alt=\"\" src=\"http:\/\/robinbeumier.com\/wp-content\/uploads\/2026\/04\/Capture-decran-2026-03-31-a-15.05.59-1024x688.png\" data-object-fit=\"cover\" srcset=\"https:\/\/robinbeumier.com\/wp-content\/uploads\/2026\/04\/Capture-decran-2026-03-31-a-15.05.59-1024x688.png 1024w, https:\/\/robinbeumier.com\/wp-content\/uploads\/2026\/04\/Capture-decran-2026-03-31-a-15.05.59-300x201.png 300w, https:\/\/robinbeumier.com\/wp-content\/uploads\/2026\/04\/Capture-decran-2026-03-31-a-15.05.59-768x516.png 768w, https:\/\/robinbeumier.com\/wp-content\/uploads\/2026\/04\/Capture-decran-2026-03-31-a-15.05.59.png 1126w\" sizes=\"auto, (max-width: 1024px) 100vw, 1024px\" \/><span aria-hidden=\"true\" class=\"wp-block-cover__background has-luminous-vivid-amber-background-color has-background-dim\"><\/span><div class=\"wp-block-cover__inner-container is-layout-constrained wp-block-cover-is-layout-constrained\">\n<h2 class=\"wp-block-heading has-text-align-center has-white-color has-text-color\">Photographie Humaniste<\/h2>\n<\/div><\/div>\n\n\n\n<div style=\"height:100px\" aria-hidden=\"true\" class=\"wp-block-spacer\"><\/div>\n\n\n\n<div class=\"wp-block-media-text is-stacked-on-mobile\"><figure class=\"wp-block-media-text__media\"><img loading=\"lazy\" decoding=\"async\" width=\"1024\" height=\"1024\" src=\"https:\/\/robinbeumier.com\/wp-content\/uploads\/2026\/03\/20260331_1340472-1024x1024.jpg\" alt=\"\" class=\"wp-image-322 size-full\" srcset=\"https:\/\/robinbeumier.com\/wp-content\/uploads\/2026\/03\/20260331_1340472-1024x1024.jpg 1024w, https:\/\/robinbeumier.com\/wp-content\/uploads\/2026\/03\/20260331_1340472-300x300.jpg 300w, https:\/\/robinbeumier.com\/wp-content\/uploads\/2026\/03\/20260331_1340472-150x150.jpg 150w, https:\/\/robinbeumier.com\/wp-content\/uploads\/2026\/03\/20260331_1340472-768x768.jpg 768w, https:\/\/robinbeumier.com\/wp-content\/uploads\/2026\/03\/20260331_1340472-1536x1536.jpg 1536w, https:\/\/robinbeumier.com\/wp-content\/uploads\/2026\/03\/20260331_1340472-2048x2048.jpg 2048w\" sizes=\"auto, (max-width: 1024px) 100vw, 1024px\" \/><\/figure><div class=\"wp-block-media-text__content\">\n<h2 class=\"wp-block-heading\">Retour \u00e0 l&#8217;essentiel<\/h2>\n\n\n\n<p>J&#8217;ai d\u00e9cider de me s\u00e9parer d&#8217;un boitier professionnel aux multiples objectifs pour revenir \u00e0 une<strong> focal fixe<\/strong> type &#8220;photo de reportage&#8221;.<\/p>\n\n\n\n<p>C&#8217;est alors que je danse pour m&#8217;approcher du sujet, la d\u00e9marche s&#8217;en retrouve plus humaine et simplifi\u00e9e aux r\u00e9glages d&#8217;ouverture focal, temps d&#8217;exposition, iso.<\/p>\n\n\n\n<p>Portfolio non exhaustif: <\/p>\n\n\n\n<ul class=\"wp-block-list\">\n<li><a href=\"https:\/\/robinbeumier.com\/index.php\/portraits\/\" data-type=\"page\" data-id=\"111\">Portraits<\/a><\/li>\n\n\n\n<li><a href=\"https:\/\/robinbeumier.com\/index.php\/street-photography\/\" data-type=\"page\" data-id=\"113\">Reportages<\/a><\/li>\n<\/ul>\n\n\n\n<p><\/p>\n<\/div><\/div>\n\n\n\n<hr class=\"wp-block-separator has-alpha-channel-opacity\"\/>\n","protected":false},"excerpt":{"rendered":"","protected":false},"author":1,"featured_media":0,"parent":0,"menu_order":0,"comment_status":"closed","ping_status":"closed","template":"","meta":{"site-sidebar-layout":"default","site-content-layout":"","ast-site-content-layout":"default","site-content-style":"default","site-sidebar-style":"default","ast-global-header-display":"","ast-banner-title-visibility":"","ast-main-header-display":"","ast-hfb-above-header-display":"","ast-hfb-below-header-display":"","ast-hfb-mobile-header-display":"","site-post-title":"disabled","ast-breadcrumbs-content":"","ast-featured-img":"","footer-sml-layout":"","ast-disable-related-posts":"","theme-transparent-header-meta":"","adv-header-id-meta":"","stick-header-meta":"","header-above-stick-meta":"","header-main-stick-meta":"","header-below-stick-meta":"","astra-migrate-meta-layouts":"default","ast-page-background-enabled":"default","ast-page-background-meta":{"desktop":{"background-color":"var(--ast-global-color-5)","background-image":"","background-repeat":"repeat","background-position":"center center","background-size":"auto","background-attachment":"scroll","background-type":"","background-media":"","overlay-type":"","overlay-color":"","overlay-opacity":"","overlay-gradient":""},"tablet":{"background-color":"","background-image":"","background-repeat":"repeat","background-position":"center center","background-size":"auto","background-attachment":"scroll","background-type":"","background-media":"","overlay-type":"","overlay-color":"","overlay-opacity":"","overlay-gradient":""},"mobile":{"background-color":"","background-image":"","background-repeat":"repeat","background-position":"center center","background-size":"auto","background-attachment":"scroll","background-type":"","background-media":"","overlay-type":"","overlay-color":"","overlay-opacity":"","overlay-gradient":""}},"ast-content-background-meta":{"desktop":{"background-color":"var(--ast-global-color-4)","background-image":"","background-repeat":"repeat","background-position":"center center","background-size":"auto","background-attachment":"scroll","background-type":"","background-media":"","overlay-type":"","overlay-color":"","overlay-opacity":"","overlay-gradient":""},"tablet":{"background-color":"var(--ast-global-color-4)","background-image":"","background-repeat":"repeat","background-position":"center center","background-size":"auto","background-attachment":"scroll","background-type":"","background-media":"","overlay-type":"","overlay-color":"","overlay-opacity":"","overlay-gradient":""},"mobile":{"background-color":"var(--ast-global-color-4)","background-image":"","background-repeat":"repeat","background-position":"center center","background-size":"auto","background-attachment":"scroll","background-type":"","background-media":"","overlay-type":"","overlay-color":"","overlay-opacity":"","overlay-gradient":""}},"footnotes":""},"class_list":["post-109","page","type-page","status-publish","hentry"],"_links":{"self":[{"href":"https:\/\/robinbeumier.com\/index.php\/wp-json\/wp\/v2\/pages\/109","targetHints":{"allow":["GET"]}}],"collection":[{"href":"https:\/\/robinbeumier.com\/index.php\/wp-json\/wp\/v2\/pages"}],"about":[{"href":"https:\/\/robinbeumier.com\/index.php\/wp-json\/wp\/v2\/types\/page"}],"author":[{"embeddable":true,"href":"https:\/\/robinbeumier.com\/index.php\/wp-json\/wp\/v2\/users\/1"}],"replies":[{"embeddable":true,"href":"https:\/\/robinbeumier.com\/index.php\/wp-json\/wp\/v2\/comments?post=109"}],"version-history":[{"count":8,"href":"https:\/\/robinbeumier.com\/index.php\/wp-json\/wp\/v2\/pages\/109\/revisions"}],"predecessor-version":[{"id":414,"href":"https:\/\/robinbeumier.com\/index.php\/wp-json\/wp\/v2\/pages\/109\/revisions\/414"}],"wp:attachment":[{"href":"https:\/\/robinbeumier.com\/index.php\/wp-json\/wp\/v2\/media?parent=109"}],"curies":[{"name":"wp","href":"https:\/\/api.w.org\/{rel}","templated":true}]}}